{"id":1147,"date":"2023-03-31T09:51:10","date_gmt":"2023-03-31T09:51:10","guid":{"rendered":"http:\/\/bigbenidiomes.com\/cursos-en-el-extranjero\/"},"modified":"2023-04-28T09:43:42","modified_gmt":"2023-04-28T09:43:42","slug":"cursos-en-el-extranjero","status":"publish","type":"page","link":"https:\/\/bigbenidiomes.com\/es\/cursos-en-el-extranjero\/","title":{"rendered":"Cursos en el extranjero"},"content":{"rendered":"\n<div style=\"color:#ddd\" class=\"wp-block-genesis-blocks-gb-spacer gb-block-spacer gb-divider-solid gb-divider-size-1\"><hr style=\"height:30px\"\/><\/div>\n\n\n\n<h2 class=\"wp-block-heading has-text-color\" style=\"color:#312a7f;font-size:55px\">CURSOS EN EL EXTRANJERO<\/h2>\n\n\n\n<p>En Big Ben Idiomes te ofrecemos todo tipo de experiencias para aprender idiomas en el extranjero, desde colonias en ingl\u00e9s, cursos y estancias en el extranjero y a\u00f1o o trimestre acad\u00e9mico en varios pa\u00edses de habla inglesa. Somos colaboradores con HES Idiomes desde hace m\u00e1s de 30 a\u00f1os, expertos en programas en el extranjero para ni\u00f1os, j\u00f3venes y adultos. Ven e inf\u00f3rmate!<\/p>\n\n\n\n<div class=\"wp-block-media-text is-stacked-on-mobile\"><figure class=\"wp-block-media-text__media\"><img loading=\"lazy\" decoding=\"async\" width=\"710\" height=\"601\" src=\"https:\/\/bigbenidiomes.com\/wp-content\/uploads\/2023\/04\/campamentos_de_verano_internacionales_en_andorra.jpg\" alt=\"\" class=\"wp-image-1622 size-full\" srcset=\"https:\/\/bigbenidiomes.com\/wp-content\/uploads\/2023\/04\/campamentos_de_verano_internacionales_en_andorra.jpg 710w, https:\/\/bigbenidiomes.com\/wp-content\/uploads\/2023\/04\/campamentos_de_verano_internacionales_en_andorra-300x254.jpg 300w\" sizes=\"auto, (max-width: 710px) 100vw, 710px\" \/><\/figure><div class=\"wp-block-media-text__content\">\n<div class=\"wp-block-columns is-layout-flex wp-container-core-columns-is-layout-9d6595d7 wp-block-columns-is-layout-flex\">\n<div class=\"wp-block-column is-layout-flow wp-block-column-is-layout-flow\" style=\"flex-basis:10%\"><\/div>\n\n\n\n<div class=\"wp-block-column is-layout-flow wp-block-column-is-layout-flow\" style=\"flex-basis:80%\">\n<h2 class=\"wp-block-heading has-text-align-left has-text-color\" style=\"color:#a21b25\"><strong>Campamentos internacionales CampRialp<\/strong><\/h2>\n\n\n\n<p class=\"has-text-align-left\">Big Ben Idiomes es empresa colaboradora de los prestigiosos campamentos internacionales CampRialp. Tenemos m\u00e1s de 17 programas distintos, todos localizados en Andorra<\/p>\n<\/div>\n<\/div>\n<\/div><\/div>\n\n\n\n<div style=\"color:#ddd\" class=\"wp-block-genesis-blocks-gb-spacer gb-block-spacer gb-divider-solid gb-divider-size-1\"><hr style=\"height:30px\"\/><\/div>\n\n\n\n<div class=\"wp-block-media-text is-stacked-on-mobile\"><figure class=\"wp-block-media-text__media\"><a href=\"https:\/\/www.hesidiomas.com\/?dl=283\"><img loading=\"lazy\" decoding=\"async\" width=\"710\" height=\"601\" src=\"https:\/\/bigbenidiomes.com\/wp-content\/uploads\/2023\/04\/cursos_de_verano_en_el_extranjero_para_jovenes_1.jpg\" alt=\"\" class=\"wp-image-1629 size-full\" srcset=\"https:\/\/bigbenidiomes.com\/wp-content\/uploads\/2023\/04\/cursos_de_verano_en_el_extranjero_para_jovenes_1.jpg 710w, https:\/\/bigbenidiomes.com\/wp-content\/uploads\/2023\/04\/cursos_de_verano_en_el_extranjero_para_jovenes_1-300x254.jpg 300w\" sizes=\"auto, (max-width: 710px) 100vw, 710px\" \/><\/a><\/figure><div class=\"wp-block-media-text__content\">\n<p class=\"texto-block\">.<\/p>\n\n\n\n<div class=\"wp-block-columns is-layout-flex wp-container-core-columns-is-layout-9d6595d7 wp-block-columns-is-layout-flex\">\n<div class=\"wp-block-column is-layout-flow wp-block-column-is-layout-flow\" style=\"flex-basis:10%\"><\/div>\n\n\n\n<div class=\"wp-block-column is-layout-flow wp-block-column-is-layout-flow\" style=\"flex-basis:80%\">\n<h2 class=\"wp-block-heading has-text-color\" style=\"color:#35bcc5\"><strong>Cursos y estancias en el extranjero para j\u00f3venes y adultos<\/strong><\/h2>\n\n\n\n<p>Para los j\u00f3venes, tenemos todas las estancias y programas en el extranjero para aprender, estudiar y disfrutar en ingl\u00e9s, franc\u00e9s y alem\u00e1n y otros idiomas.<\/p>\n\n\n\n<p>Para los adultos, cursos en escuelas especializadas, cursos en casa del profesor, pr\u00e1cticas, au-pair, trabajo remunerado, voluntariado, y mucho m\u00e1s en un mont\u00f3n de destinos en todo el mundo.<\/p>\n<\/div>\n<\/div>\n<\/div><\/div>\n\n\n\n<div style=\"color:#ddd\" class=\"wp-block-genesis-blocks-gb-spacer gb-block-spacer gb-divider-solid gb-divider-size-1\"><hr style=\"height:30px\"\/><\/div>\n\n\n\n<div class=\"wp-block-media-text is-stacked-on-mobile texto-block\"><figure class=\"wp-block-media-text__media\"><a href=\"https:\/\/www.hesidiomas.com\/?dl=283\"><img loading=\"lazy\" decoding=\"async\" width=\"710\" height=\"601\" src=\"https:\/\/bigbenidiomes.com\/wp-content\/uploads\/2023\/04\/ano_escolar_en_el_extranjero_1.jpg\" alt=\"\" class=\"wp-image-1631 size-full\" srcset=\"https:\/\/bigbenidiomes.com\/wp-content\/uploads\/2023\/04\/ano_escolar_en_el_extranjero_1.jpg 710w, https:\/\/bigbenidiomes.com\/wp-content\/uploads\/2023\/04\/ano_escolar_en_el_extranjero_1-300x254.jpg 300w\" sizes=\"auto, (max-width: 710px) 100vw, 710px\" \/><\/a><\/figure><div class=\"wp-block-media-text__content\">\n<div class=\"wp-block-columns is-layout-flex wp-container-core-columns-is-layout-9d6595d7 wp-block-columns-is-layout-flex\">\n<div class=\"wp-block-column is-layout-flow wp-block-column-is-layout-flow\" style=\"flex-basis:10%\"><\/div>\n\n\n\n<div class=\"wp-block-column is-layout-flow wp-block-column-is-layout-flow\" style=\"flex-basis:80%\">\n<h2 class=\"wp-block-heading has-text-color\" style=\"color:#5402b8\"><strong>Trimestre y a\u00f1o escolar en el extranjero<\/strong><\/h2>\n\n\n\n<p class=\"texto-block\">Un trimestre o a\u00f1o escolar en el extranjero, conocido tambi\u00e9n como intercambio escolar, est\u00e1 pensado para ni\u00f1os y adolescentes de 12 a 17 a\u00f1os. \u00a1Prep\u00e1rate para una experiencia ling\u00fc\u00edstica y de crecimiento personal perfecta!<\/p>\n<\/div>\n<\/div>\n<\/div><\/div>\n\n\n\n<div class=\"wp-block-genesis-blocks-gb-container alignwide gb-block-container\"><div class=\"gb-container-inside\"><div class=\"gb-container-content\"><\/div><\/div><\/div>\n\n\n\n<div class=\"wp-block-genesis-blocks-gb-container alignwide gb-block-container\"><div class=\"gb-container-inside\"><div class=\"gb-container-content\"><\/div><\/div><\/div>\n","protected":false},"excerpt":{"rendered":"<p>CURSOS EN EL EXTRANJERO En Big Ben Idiomes te ofrecemos todo tipo de experiencias para aprender idiomas en el extranjero, desde colonias en ingl\u00e9s, cursos y estancias en el extranjero y a\u00f1o o trimestre acad\u00e9mico en varios pa\u00edses de habla inglesa. Somos colaboradores con HES Idiomes desde hace m\u00e1s de 30 a\u00f1os, expertos en programas &hellip;<\/p>\n","protected":false},"author":3,"featured_media":0,"parent":0,"menu_order":0,"comment_status":"closed","ping_status":"closed","template":"","meta":{"_genesis_hide_title":false,"_genesis_hide_breadcrumbs":false,"_genesis_hide_singular_image":false,"_genesis_hide_footer_widgets":false,"_genesis_custom_body_class":"","_genesis_custom_post_class":"","_genesis_layout":"","footnotes":""},"class_list":{"0":"post-1147","1":"page","2":"type-page","3":"status-publish","5":"entry","6":"has-post-thumbnail"},"featured_image_src":null,"featured_image_src_square":null,"_links":{"self":[{"href":"https:\/\/bigbenidiomes.com\/es\/wp-json\/wp\/v2\/pages\/1147","targetHints":{"allow":["GET"]}}],"collection":[{"href":"https:\/\/bigbenidiomes.com\/es\/wp-json\/wp\/v2\/pages"}],"about":[{"href":"https:\/\/bigbenidiomes.com\/es\/wp-json\/wp\/v2\/types\/page"}],"author":[{"embeddable":true,"href":"https:\/\/bigbenidiomes.com\/es\/wp-json\/wp\/v2\/users\/3"}],"replies":[{"embeddable":true,"href":"https:\/\/bigbenidiomes.com\/es\/wp-json\/wp\/v2\/comments?post=1147"}],"version-history":[{"count":15,"href":"https:\/\/bigbenidiomes.com\/es\/wp-json\/wp\/v2\/pages\/1147\/revisions"}],"predecessor-version":[{"id":1634,"href":"https:\/\/bigbenidiomes.com\/es\/wp-json\/wp\/v2\/pages\/1147\/revisions\/1634"}],"wp:attachment":[{"href":"https:\/\/bigbenidiomes.com\/es\/wp-json\/wp\/v2\/media?parent=1147"}],"curies":[{"name":"wp","href":"https:\/\/api.w.org\/{rel}","templated":true}]}}