{"id":1159,"date":"2023-02-21T09:14:56","date_gmt":"2023-02-21T09:14:56","guid":{"rendered":"http:\/\/bigbenidiomes.com\/faqs\/"},"modified":"2025-12-05T17:33:06","modified_gmt":"2025-12-05T17:33:06","slug":"faqs","status":"publish","type":"page","link":"https:\/\/bigbenidiomes.com\/es\/faqs\/","title":{"rendered":"FAQS"},"content":{"rendered":"<div class=\"wp-block-image\">\n<figure class=\"aligncenter size-full\"><img loading=\"lazy\" decoding=\"async\" width=\"600\" height=\"431\" src=\"https:\/\/bigbenidiomes.com\/wp-content\/uploads\/2023\/03\/FAQS-600X431.png\" alt=\"\" class=\"wp-image-697\" srcset=\"https:\/\/bigbenidiomes.com\/wp-content\/uploads\/2023\/03\/FAQS-600X431.png 600w, https:\/\/bigbenidiomes.com\/wp-content\/uploads\/2023\/03\/FAQS-600X431-300x216.png 300w\" sizes=\"auto, (max-width: 600px) 100vw, 600px\" \/><\/figure>\n<\/div>\n\n\n<div style=\"height:100px\" aria-hidden=\"true\" class=\"wp-block-spacer\"><\/div>\n\n\n\n<h2 class=\"wp-block-heading has-text-color\" style=\"color:#5402b8;font-size:55px\">FAQS<\/h2>\n\n\n\n<p class=\"destacat\">\u00bfCu\u00e1ndo empieza el curso escolar?<\/p>\n\n\n\n<p>El primer d\u00eda lectivo de octubre.<\/p>\n\n\n\n<p class=\"destacat\">\u00bfNecesito hacer prueba de nivel si soy alumno\/a nuevo\/a?<\/p>\n\n\n\n<p>S\u00ed, requerimos prueba de nivel, gratuita y sin compromiso, para todos los estudiantes nuevos y aquellos que quieran realizar un cambio de nivel para asegurar homogeneidad de los grupos y la idoneidad de la exigencia del curso para cada persona. En caso de tener un t\u00edtulo oficial con una antig\u00fcedad menor a dos a\u00f1os, se puede presentar en la escuela y se valorar\u00e1 seg\u00fan calificaci\u00f3n, la asignaci\u00f3n al curso correspondiente.<\/p>\n\n\n\n<p class=\"destacat\">\u00bfCu\u00e1les son los festivos y se hacen puentes?<\/p>\n\n\n\n<p>Big Ben idiomes s\u00f3lo hace los festivos reglamentarios de fiestas locales y nacionales, no se cierra por puentes y por tanto, impartimos clase. Cerramos por vacaciones escolares de Navidad y Semana Santa.<\/p>\n\n\n\n<p class=\"destacat\">\u00bfC\u00f3mo afectan a los festivos a los contenidos del curso?<\/p>\n\n\n\n<p>No afectan ya que el equipo docente elabora el plan de contenidos teniendo en cuenta los festivos para que todos los grupos aprendan los mismos contenidos, as\u00ed se examina a todos del mismo nivel del mismo contenido independientemente del horario que realice.<\/p>\n\n\n\n<p class=\"destacat\">\u00bfLos ex\u00e1menes oficiales se pagan aparte?<\/p>\n\n\n\n<p>S\u00ed, la cuota de los ex\u00e1menes oficiales es algo ajeno a la escuela, aunque podemos realizar su tramitaci\u00f3n.<\/p>\n\n\n\n<p class=\"destacat\">\u00bfCu\u00e1ntos alumnos hay por clase?<\/p>\n\n\n\n<p>Como m\u00e1ximo 8 alumnos.<\/p>\n\n\n\n<p class=\"destacat\">\u00bfCon cu\u00e1ntos alumnos se abre un nuevo grupo?<\/p>\n\n\n\n<p>Los grupos est\u00e1ndar se abren a partir de 3 alumnos.<\/p>\n\n\n\n<p class=\"destacat\">\u00bfQu\u00e9 opci\u00f3n tengo si me quedo sin plaza o no ha surgido grupo de mi nivel?<\/p>\n\n\n\n<p>Puedes optar a dar clases particulares, entonces necesitamos saber tu disponibilidad horaria para agendarlo con el equipo docente.<\/p>\n\n\n\n<p class=\"destacat\">\u00bfQu\u00e9 ocurre si el estudiante presenta un trastorno en el aprendizaje?<\/p>\n\n\n\n<p>Cada vez es m\u00e1s frecuente el diagn\u00f3stico precoz en los trastornos del aprendizaje; para que el estudiante pueda aprovechar al m\u00e1ximo los recursos de Big Ben Idiomes, agradeceremos que la familia comparta el diagn\u00f3stico con el equipo docente. Big Ben Idiomes se reserva el derecho de modificar el nivel asignado o el m\u00e9todo a seguir con el alumno para que el estudiante aproveche las clases al m\u00e1ximo.<\/p>\n\n\n\n<p class=\"destacat\">Normativa en caso de no poder asistir a clases particulares<\/p>\n\n\n\n<p>Es necesario avisar a Big Ben Idiomes con una antelaci\u00f3n m\u00ednima de 24h para poder recuperar o cancelar la clase. En caso contrario, se considerar\u00e1 la clase dada y no podr\u00e1 recuperarse. Se considera como excepci\u00f3n \u00fanica en la norma anterior el caso de enfermedad repentina. En caso de grupos de 2 o m\u00e1s personas ser\u00e1 necesario que los alumnos tomen una decisi\u00f3n conjunta. En caso de que se realice la clase no se podr\u00e1 realizar un retorno parcial del dinero a los alumnos que no hayan podido asistir.<\/p>\n","protected":false},"excerpt":{"rendered":"<p>FAQS \u00bfCu\u00e1ndo empieza el curso escolar? El primer d\u00eda lectivo de octubre. \u00bfNecesito hacer prueba de nivel si soy alumno\/a nuevo\/a? S\u00ed, requerimos prueba de nivel, gratuita y sin compromiso, para todos los estudiantes nuevos y aquellos que quieran realizar un cambio de nivel para asegurar homogeneidad de los grupos y la idoneidad de la &hellip;<\/p>\n","protected":false},"author":1,"featured_media":0,"parent":0,"menu_order":0,"comment_status":"closed","ping_status":"closed","template":"","meta":{"_genesis_hide_title":false,"_genesis_hide_breadcrumbs":false,"_genesis_hide_singular_image":false,"_genesis_hide_footer_widgets":false,"_genesis_custom_body_class":"","_genesis_custom_post_class":"","_genesis_layout":"","footnotes":""},"class_list":{"0":"post-1159","1":"page","2":"type-page","3":"status-publish","5":"entry"},"featured_image_src":null,"featured_image_src_square":null,"_links":{"self":[{"href":"https:\/\/bigbenidiomes.com\/es\/wp-json\/wp\/v2\/pages\/1159","targetHints":{"allow":["GET"]}}],"collection":[{"href":"https:\/\/bigbenidiomes.com\/es\/wp-json\/wp\/v2\/pages"}],"about":[{"href":"https:\/\/bigbenidiomes.com\/es\/wp-json\/wp\/v2\/types\/page"}],"author":[{"embeddable":true,"href":"https:\/\/bigbenidiomes.com\/es\/wp-json\/wp\/v2\/users\/1"}],"replies":[{"embeddable":true,"href":"https:\/\/bigbenidiomes.com\/es\/wp-json\/wp\/v2\/comments?post=1159"}],"version-history":[{"count":11,"href":"https:\/\/bigbenidiomes.com\/es\/wp-json\/wp\/v2\/pages\/1159\/revisions"}],"predecessor-version":[{"id":2130,"href":"https:\/\/bigbenidiomes.com\/es\/wp-json\/wp\/v2\/pages\/1159\/revisions\/2130"}],"wp:attachment":[{"href":"https:\/\/bigbenidiomes.com\/es\/wp-json\/wp\/v2\/media?parent=1159"}],"curies":[{"name":"wp","href":"https:\/\/api.w.org\/{rel}","templated":true}]}}