{"id":1164,"date":"2022-11-11T07:59:26","date_gmt":"2022-11-11T07:59:26","guid":{"rendered":"http:\/\/bigbenidiomes.com\/politica-de-cookies\/"},"modified":"2023-03-31T17:58:29","modified_gmt":"2023-03-31T17:58:29","slug":"politica-de-cookies","status":"publish","type":"page","link":"https:\/\/bigbenidiomes.com\/es\/politica-de-cookies\/","title":{"rendered":"Pol\u00edtica de cookies"},"content":{"rendered":"\n<p>Una cookie es un peque\u00f1o archivo de texto que se almacena en su navegador cuando visita casi cualquier p\u00e1gina web. Su utilidad es que la web sea capaz de recordar su visita cuando vuelva a navegar por esta p\u00e1gina. Las cookies suelen almacenar informaci\u00f3n de car\u00e1cter t\u00e9cnico, preferencias personales, personalizaci\u00f3n de contenidos, estad\u00edsticas de uso, enlaces a redes sociales, acceso a cuentas de usuario, etc. El objetivo de la cookie es adaptar el contenido de la web a su perfil y necesidades, sin cookies los servicios ofrecidos por cualquier p\u00e1gina se ver\u00edan mermados notablemente.<\/p>\n\n<h2 class=\"wp-block-heading\">Cookies utilizadas en este sitio web<\/h2>\n\n<p>Siguiendo las directrices de la Agencia Espa\u00f1ola de Protecci\u00f3n de Datos procedemos a detallar el uso de cookies que realiza esta web para informar con la mayor exactitud posible.<\/p>\n\n<h3 class=\"wp-block-heading\">Este sitio web utiliza las cookies propias:<\/h3>\n\n<p>Cookies de sesi\u00f3n, para garantizar que los usuarios que escriban comentarios en tu blog sean humanos y no aplicaciones automatizadas. De esta manera es combate el spam.<\/p>\n\n<h3 class=\"wp-block-heading\">Este sitio web utiliza las siguientes cookies de terceros:<\/h3>\n\n<p>Google Analytics: Almacena cookies para poder elaborar estad\u00edsticas sobre el tr\u00e1fico y el volumen de visitas de esta web. Cuando utiliza este sitio web, est\u00e1 consintiendo el tratamiento de informaci\u00f3n para Google. Por tanto, el ejercicio de cualquier derecho en este sentido deber\u00e1 hacerse comunicando directamente con Google. Redes sociales: Cada red social utiliza sus cookies para que el usuario pueda pinchar en botones del tipo Me gusta o Compartir.<\/p>\n\n<h2 class=\"wp-block-heading\">\u00bfC\u00f3mo se administran las cookies en el navegador?<\/h2>\n\n<p>El usuario tiene la opci\u00f3n de permitir, bloquear o eliminar las cookies instaladas en su equipo mediante la configuraci\u00f3n de las opciones del navegador que utiliza en su terminal:<\/p>\n\n<h3 class=\"wp-block-heading\">Para ajustar los permisos relacionados con las cookies en el navegador Google Chrome:<\/h3>\n\n<ol class=\"wp-block-list\">\n<li>Haga clic en el men\u00fa situado en la barra de herramientas.<\/li>\n\n\n\n<li>Seleccione Configuraci\u00f3n.<\/li>\n\n\n\n<li>Haga clic en Ver la configuraci\u00f3n avanzada.<\/li>\n\n\n\n<li>En la secci\u00f3n Privacidad, haga clic en el bot\u00f3n Configuraci\u00f3n del contenido.<\/li>\n\n\n\n<li>En la secci\u00f3n Cookies se pueden configurar las opciones.<br\/>M\u00e1s informaci\u00f3n sobre Google Chrome.<\/li>\n<\/ol>\n\n<h3 class=\"wp-block-heading\">Para ajustar los permisos relacionados con las cookies en el navegador Mozilla Firefox:<\/h3>\n\n<ol class=\"wp-block-list\">\n<li>En la parte superior de la ventana de Firefox, haga clic en el men\u00fa Herramientas.<\/li>\n\n\n\n<li>Seleccione Opciones.<\/li>\n\n\n\n<li>Seleccione el panel Ventana.<\/li>\n\n\n\n<li>Dentro de la opci\u00f3n Firefox, puede elegir Utiliza los par\u00e1metros personalizados del historial para configurar las opciones.<br\/>M\u00e1s informaci\u00f3n sobre Mozilla Firefox.<\/li>\n<\/ol>\n\n<h3 class=\"wp-block-heading\">Para ajustar los permisos relacionados con las cookies en el navegador Internet Explorer 9:<\/h3>\n\n<ol class=\"wp-block-list\">\n<li>En la parte superior de la ventana de Internet Explorer, haga clic en el men\u00fa Herramientas.<\/li>\n\n\n\n<li>Seleccione la pesta\u00f1a Seguridad y utilice la opci\u00f3n Eliminar el historial de exploraci\u00f3n para eliminar las cookies. Active la casilla Cookies y, a continuaci\u00f3n, haga clic en Eliminar.<\/li>\n\n\n\n<li>Seleccione la pesta\u00f1a Seguridad y acceda a Configuraci\u00f3n. Mueva el control deslizante hasta arriba de todo para bloquear todas las cookies o hasta abajo de todo para permitirlas todas. A continuaci\u00f3n, haga clic en Acepta.<br\/>M\u00e1s informaci\u00f3n sobre Internet Explorer 9.<\/li>\n<\/ol>\n\n<p>Si bloquea el uso de cookies en su navegador, es posible que algunos servicios o funcionalidades de la p\u00e1gina web no est\u00e9n disponibles.<\/p>\n\n<p>En algunos navegadores se pueden configurar reglas espec\u00edficas para administrar cookies por sitio web, lo que ofrece un control m\u00e1s preciso de la privacidad. Esto significa que puede inhabilitar cookies de todos los sitios excepto aquellos en los que conf\u00eda.<\/p>\n\n<h2 class=\"wp-block-heading\">Notas adicionales<\/h2>\n\n<p>Ni esta web ni sus representantes legales se hacen responsables ni del contenido ni de la veracidad de las pol\u00edticas de privacidad que puedan tener los terceros citados en esta pol\u00edtica de cookies.\nLos navegadores web son las herramientas encargadas de almacenar las cookies y desde este sitio debe efectuarse el derecho a eliminarlo o desactivarlo. Ni esta web ni sus representantes legales pueden garantizar la correcta o incorrecta manipulaci\u00f3n de las cookies por parte de dichos navegadores.\nEn algunos casos es necesario instalar cookies para que el navegador no olvide su decisi\u00f3n de no aceptarlas.\nEn el caso de las cookies de Google Analytics, esta empresa almacena las cookies en servidores ubicados en Estados Unidos y se compromete a no compartirla con terceros, salvo en los casos en que sea necesario para el funcionamiento del sistema o cuando la ley obligue a tal efecto. Seg\u00fan Google no guarda su direcci\u00f3n IP. Google Inc. es una compa\u00f1\u00eda adherida al Acuerdo de Port Segur que garantiza que todos los datos transferidos ser\u00e1n tratados con un nivel de protecci\u00f3n de acuerdo con la normativa europea. informaci\u00f3n sobre el uso que Google da a las cookies le adjuntamos este otro enlace.\nCualquier duda o consulta sobre esta pol\u00edtica de cookies se puede consultar a trav\u00e9s de la secci\u00f3n de contacto.<\/p>\n","protected":false},"excerpt":{"rendered":"<p>Una cookie es un peque\u00f1o archivo de texto que se almacena en su navegador cuando visita casi cualquier p\u00e1gina web. Su utilidad es que la web sea capaz de recordar su visita cuando vuelva a navegar por esta p\u00e1gina. Las cookies suelen almacenar informaci\u00f3n de car\u00e1cter t\u00e9cnico, preferencias personales, personalizaci\u00f3n de contenidos, estad\u00edsticas de uso, &hellip;<\/p>\n","protected":false},"author":1,"featured_media":0,"parent":0,"menu_order":0,"comment_status":"closed","ping_status":"closed","template":"","meta":{"_genesis_hide_title":false,"_genesis_hide_breadcrumbs":false,"_genesis_hide_singular_image":false,"_genesis_hide_footer_widgets":false,"_genesis_custom_body_class":"","_genesis_custom_post_class":"","_genesis_layout":"","footnotes":""},"class_list":{"0":"post-1164","1":"page","2":"type-page","3":"status-publish","5":"entry"},"featured_image_src":null,"featured_image_src_square":null,"_links":{"self":[{"href":"https:\/\/bigbenidiomes.com\/es\/wp-json\/wp\/v2\/pages\/1164","targetHints":{"allow":["GET"]}}],"collection":[{"href":"https:\/\/bigbenidiomes.com\/es\/wp-json\/wp\/v2\/pages"}],"about":[{"href":"https:\/\/bigbenidiomes.com\/es\/wp-json\/wp\/v2\/types\/page"}],"author":[{"embeddable":true,"href":"https:\/\/bigbenidiomes.com\/es\/wp-json\/wp\/v2\/users\/1"}],"replies":[{"embeddable":true,"href":"https:\/\/bigbenidiomes.com\/es\/wp-json\/wp\/v2\/comments?post=1164"}],"version-history":[{"count":3,"href":"https:\/\/bigbenidiomes.com\/es\/wp-json\/wp\/v2\/pages\/1164\/revisions"}],"predecessor-version":[{"id":1187,"href":"https:\/\/bigbenidiomes.com\/es\/wp-json\/wp\/v2\/pages\/1164\/revisions\/1187"}],"wp:attachment":[{"href":"https:\/\/bigbenidiomes.com\/es\/wp-json\/wp\/v2\/media?parent=1164"}],"curies":[{"name":"wp","href":"https:\/\/api.w.org\/{rel}","templated":true}]}}