{"id":1170,"date":"2023-03-31T16:01:40","date_gmt":"2023-03-31T16:01:40","guid":{"rendered":"http:\/\/bigbenidiomes.com\/metodologia\/"},"modified":"2023-04-04T13:13:02","modified_gmt":"2023-04-04T13:13:02","slug":"metodologia","status":"publish","type":"page","link":"https:\/\/bigbenidiomes.com\/es\/metodologia\/","title":{"rendered":"Metodolog\u00eda"},"content":{"rendered":"\n<h2 class=\"wp-block-heading has-vivid-red-color has-text-color\" style=\"font-size:55px\">M\u00c9TODO<\/h2>\n\n\n\n<hr class=\"wp-block-separator has-text-color has-cyan-bluish-gray-color has-alpha-channel-opacity has-cyan-bluish-gray-background-color has-background\"\/>\n\n\n\n<div class=\"wp-block-columns is-layout-flex wp-container-core-columns-is-layout-9d6595d7 wp-block-columns-is-layout-flex\">\n<div class=\"wp-block-column is-layout-flow wp-block-column-is-layout-flow\" style=\"flex-basis:33.33%\"><div class=\"wp-block-image\">\n<figure class=\"aligncenter size-full is-resized\"><img loading=\"lazy\" decoding=\"async\" src=\"https:\/\/bigbenidiomes.com\/wp-content\/uploads\/2023\/03\/Group-20.png\" alt=\"\" class=\"wp-image-165\" width=\"150\" height=\"150\" srcset=\"https:\/\/bigbenidiomes.com\/wp-content\/uploads\/2023\/03\/Group-20.png 150w, https:\/\/bigbenidiomes.com\/wp-content\/uploads\/2023\/03\/Group-20-80x80.png 80w\" sizes=\"auto, (max-width: 150px) 100vw, 150px\" \/><\/figure>\n<\/div>\n\n\n<p class=\"has-text-align-center\"><strong>RIGOR ACAD\u00c9MICO<\/strong><\/p>\n<\/div>\n\n\n\n<div class=\"wp-block-column is-layout-flow wp-block-column-is-layout-flow\" style=\"flex-basis:66.66%\">\n<p>Nuestras clases combinan de forma equilibrada gram\u00e1tica, conversaci\u00f3n, pronunciaci\u00f3n, comprensi\u00f3n oral y lectora, para consolidar la lengua y poder utilizarla en cualquier contexto de la vida real.<\/p>\n\n\n\n<p>Aplicamos la metodolog\u00eda directa entre profesor y alumno, con el soporte de libros de texto y de actividades. Tenemos como objetivo proporcionar una formaci\u00f3n relevante y \u00fatil con material din\u00e1mico y actualizado para animar al alumno a desarrollar la confianza y la fluidez en el idioma.<\/p>\n\n\n\n<p>Cada aula dispone de un proyector de \u00faltima tecnolog\u00eda y tablets para aprovechar toda la dimensi\u00f3n digital del material did\u00e1ctico escogido de las editoriales l\u00edderes con las que trabajamos.<\/p>\n\n\n\n<p>Adem\u00e1s del espacio de las aulas, disponemos de una zona com\u00fan con mobiliario adecuado para realizar proyectos y juegos simb\u00f3licos para nuestros alumnos, haciendo de las clases de idiomas una experiencia divertida y provechosa.<\/p>\n<\/div>\n<\/div>\n\n\n\n<hr class=\"wp-block-separator has-text-color has-cyan-bluish-gray-color has-alpha-channel-opacity has-cyan-bluish-gray-background-color has-background\"\/>\n\n\n\n<div class=\"wp-block-columns is-layout-flex wp-container-core-columns-is-layout-9d6595d7 wp-block-columns-is-layout-flex\">\n<div class=\"wp-block-column is-layout-flow wp-block-column-is-layout-flow\" style=\"flex-basis:50%\"><div class=\"wp-block-image\">\n<figure class=\"aligncenter size-full\"><img loading=\"lazy\" decoding=\"async\" width=\"150\" height=\"150\" src=\"https:\/\/bigbenidiomes.com\/wp-content\/uploads\/2023\/03\/Group-23.png\" alt=\"\" class=\"wp-image-168\" srcset=\"https:\/\/bigbenidiomes.com\/wp-content\/uploads\/2023\/03\/Group-23.png 150w, https:\/\/bigbenidiomes.com\/wp-content\/uploads\/2023\/03\/Group-23-80x80.png 80w\" sizes=\"auto, (max-width: 150px) 100vw, 150px\" \/><\/figure>\n<\/div>\n\n\n<p class=\"has-text-align-center\"><strong>PRUEBA DE NIVEL<\/strong><\/p>\n<\/div>\n\n\n\n<div class=\"wp-block-column is-layout-flow wp-block-column-is-layout-flow\" style=\"flex-basis:95%\">\n<p>Los grupos est\u00e1n formados cuidadosamente dependiendo del nivel y franjas de edad de cada alumno para asegurar su homogeneidad. Por eso siempre, a partir de los 7 a\u00f1os, realizamos una prueba para determinar cu\u00e1l es el nivel y sugerir el curso que mejor se adapta al alumno.<\/p>\n\n\n\n<p>Creemos que la mejor manera de aprender el idioma es tener el mayor n\u00famero de oportunidades de practicarlo y es por eso que recomendamos a nuestros estudiantes realizar tareas en casa dando continuidad al contenido aprendido en la escuela.<\/p>\n<\/div>\n<\/div>\n\n\n\n<hr class=\"wp-block-separator has-text-color has-cyan-bluish-gray-color has-alpha-channel-opacity has-cyan-bluish-gray-background-color has-background\"\/>\n\n\n\n<div class=\"wp-block-columns is-layout-flex wp-container-core-columns-is-layout-9d6595d7 wp-block-columns-is-layout-flex\">\n<div class=\"wp-block-column is-layout-flow wp-block-column-is-layout-flow\" style=\"flex-basis:50%\"><div class=\"wp-block-image\">\n<figure class=\"aligncenter size-full\"><img loading=\"lazy\" decoding=\"async\" width=\"150\" height=\"150\" src=\"https:\/\/bigbenidiomes.com\/wp-content\/uploads\/2023\/03\/Group-21.png\" alt=\"\" class=\"wp-image-166\" srcset=\"https:\/\/bigbenidiomes.com\/wp-content\/uploads\/2023\/03\/Group-21.png 150w, https:\/\/bigbenidiomes.com\/wp-content\/uploads\/2023\/03\/Group-21-80x80.png 80w\" sizes=\"auto, (max-width: 150px) 100vw, 150px\" \/><\/figure>\n<\/div>\n\n\n<p class=\"has-text-align-center\"><strong>PRUEBAS PERI\u00d3DICAS<\/strong><\/p>\n<\/div>\n\n\n\n<div class=\"wp-block-column is-layout-flow wp-block-column-is-layout-flow\" style=\"flex-basis:95%\">\n<p>Queremos acompa\u00f1ar a los estudiantes al consolidar el aprendizaje del idioma y es por eso que hacemos un seguimiento de los avances individuales que compartimos con las familias.<\/p>\n\n\n\n<p>Hacemos ex\u00e1menes de forma peri\u00f3dica para identificar los puntos fuertes y puntos d\u00e9biles de cada alumno y as\u00ed poder ayudar al impulso del aprendizaje de forma personalizada.<\/p>\n<\/div>\n<\/div>\n\n\n\n<hr class=\"wp-block-separator has-text-color has-cyan-bluish-gray-color has-alpha-channel-opacity has-cyan-bluish-gray-background-color has-background\"\/>\n\n\n\n<div class=\"wp-block-columns is-layout-flex wp-container-core-columns-is-layout-9d6595d7 wp-block-columns-is-layout-flex\">\n<div class=\"wp-block-column is-layout-flow wp-block-column-is-layout-flow\" style=\"flex-basis:50%\"><div class=\"wp-block-image\">\n<figure class=\"aligncenter size-full\"><img loading=\"lazy\" decoding=\"async\" width=\"150\" height=\"150\" src=\"https:\/\/bigbenidiomes.com\/wp-content\/uploads\/2023\/03\/Group-19.png\" alt=\"\" class=\"wp-image-164\" srcset=\"https:\/\/bigbenidiomes.com\/wp-content\/uploads\/2023\/03\/Group-19.png 150w, https:\/\/bigbenidiomes.com\/wp-content\/uploads\/2023\/03\/Group-19-80x80.png 80w\" sizes=\"auto, (max-width: 150px) 100vw, 150px\" \/><\/figure>\n<\/div>\n\n\n<p class=\"has-text-align-center\"><strong>PROFESORES NATIVOS EXPERTOS<\/strong><\/p>\n<\/div>\n\n\n\n<div class=\"wp-block-column is-layout-flow wp-block-column-is-layout-flow\" style=\"flex-basis:95%\">\n<p>La gran mayor\u00eda de nuestro equipo docente es nativo y muchos de ellos son especialistas en la preparaci\u00f3n de los ex\u00e1menes oficiales de Cambridge.<\/p>\n\n\n\n<p>El profesorado de Big Ben Idiomes es nativo o biling\u00fce (uno de los progenitores es nativo), todos ellos calificados y con experiencia extensa en el sector. Sus objetivos son aportar una ense\u00f1anza de calidad y con rigor a nuestros alumnos, junto con motivarlos para crear un ambiente distendido que anime a los alumnos a querer profundizar en el aprendizaje del idioma.<\/p>\n<\/div>\n<\/div>\n\n\n\n<hr class=\"wp-block-separator has-alpha-channel-opacity\"\/>\n\n\n<script type=\"text\/javascript\">\n\/* <![CDATA[ *\/\nvar gform;gform||(document.addEventListener(\"gform_main_scripts_loaded\",function(){gform.scriptsLoaded=!0}),document.addEventListener(\"gform\/theme\/scripts_loaded\",function(){gform.themeScriptsLoaded=!0}),window.addEventListener(\"DOMContentLoaded\",function(){gform.domLoaded=!0}),gform={domLoaded:!1,scriptsLoaded:!1,themeScriptsLoaded:!1,isFormEditor:()=>\"function\"==typeof InitializeEditor,callIfLoaded:function(o){return!(!gform.domLoaded||!gform.scriptsLoaded||!gform.themeScriptsLoaded&&!gform.isFormEditor()||(gform.isFormEditor()&&console.warn(\"The use of gform.initializeOnLoaded() is deprecated in the form editor context and will be removed in Gravity Forms 3.1.\"),o(),0))},initializeOnLoaded:function(o){gform.callIfLoaded(o)||(document.addEventListener(\"gform_main_scripts_loaded\",()=>{gform.scriptsLoaded=!0,gform.callIfLoaded(o)}),document.addEventListener(\"gform\/theme\/scripts_loaded\",()=>{gform.themeScriptsLoaded=!0,gform.callIfLoaded(o)}),window.addEventListener(\"DOMContentLoaded\",()=>{gform.domLoaded=!0,gform.callIfLoaded(o)}))},hooks:{action:{},filter:{}},addAction:function(o,r,e,t){gform.addHook(\"action\",o,r,e,t)},addFilter:function(o,r,e,t){gform.addHook(\"filter\",o,r,e,t)},doAction:function(o){gform.doHook(\"action\",o,arguments)},applyFilters:function(o){return gform.doHook(\"filter\",o,arguments)},removeAction:function(o,r){gform.removeHook(\"action\",o,r)},removeFilter:function(o,r,e){gform.removeHook(\"filter\",o,r,e)},addHook:function(o,r,e,t,n){null==gform.hooks[o][r]&&(gform.hooks[o][r]=[]);var d=gform.hooks[o][r];null==n&&(n=r+\"_\"+d.length),gform.hooks[o][r].push({tag:n,callable:e,priority:t=null==t?10:t})},doHook:function(r,o,e){var t;if(e=Array.prototype.slice.call(e,1),null!=gform.hooks[r][o]&&((o=gform.hooks[r][o]).sort(function(o,r){return o.priority-r.priority}),o.forEach(function(o){\"function\"!=typeof(t=o.callable)&&(t=window[t]),\"action\"==r?t.apply(null,e):e[0]=t.apply(null,e)})),\"filter\"==r)return e[0]},removeHook:function(o,r,t,n){var e;null!=gform.hooks[o][r]&&(e=(e=gform.hooks[o][r]).filter(function(o,r,e){return!!(null!=n&&n!=o.tag||null!=t&&t!=o.priority)}),gform.hooks[o][r]=e)}});\n\/* ]]> *\/\n<\/script>\n\n                <div class='gf_browser_gecko gform_wrapper gravity-theme gform-theme--no-framework' data-form-theme='gravity-theme' data-form-index='0' id='gform_wrapper_1' >\n                        <div class='gform_heading'>\n                            <h2 class=\"gform_title\">Contacto<\/h2>\n                            <p class='gform_description'><\/p>\n\t\t\t\t\t\t\t<p class='gform_required_legend'>&quot;<span class=\"gfield_required gfield_required_asterisk\">*<\/span>&quot; se\u00f1ala los campos obligatorios<\/p>\n                        <\/div><form method='post' enctype='multipart\/form-data'  id='gform_1'  action='\/es\/wp-json\/wp\/v2\/pages\/1170' data-formid='1' novalidate><div class='gf_invisible ginput_recaptchav3' data-sitekey='6LdgvwoqAAAAADEkObLQ2WoqjylC1vdL3CAjUamu' data-tabindex='0'><input id=\"input_bcd7a40ddbc2d22eac1e5c717db897d0\" class=\"gfield_recaptcha_response\" type=\"hidden\" name=\"input_bcd7a40ddbc2d22eac1e5c717db897d0\" value=\"\"\/><\/div>\n                        <div class='gform-body gform_body'><div id='gform_fields_1' class='gform_fields top_label form_sublabel_below description_below validation_below'><div id=\"field_1_13\" class=\"gfield gfield--type-honeypot gform_validation_container field_sublabel_below gfield--has-description field_description_below field_validation_below gfield_visibility_visible\"  ><label class='gfield_label gform-field-label' for='input_1_13'>X\/Twitter<\/label><div class='ginput_container'><input name='input_13' id='input_1_13' type='text' value='' autocomplete='new-password'\/><\/div><div class='gfield_description' id='gfield_description_1_13'>Este campo es un campo de validaci\u00f3n y debe quedar sin cambios.<\/div><\/div><div id=\"field_1_7\" class=\"gfield gfield--type-text gfield_contains_required field_sublabel_below gfield--no-description field_description_below hidden_label field_validation_below gfield_visibility_visible\"  ><label class='gfield_label gform-field-label' for='input_1_7'>Nombre y apellido<span class=\"gfield_required\"><span class=\"gfield_required gfield_required_asterisk\">*<\/span><\/span><\/label><div class='ginput_container ginput_container_text'><input name='input_7' id='input_1_7' type='text' value='' class='large'    placeholder='Nombre y apellido' aria-required=\"true\" aria-invalid=\"false\"   \/><\/div><\/div><div id=\"field_1_2\" class=\"gfield gfield--type-phone gfield--width-half gfield_contains_required field_sublabel_below gfield--no-description field_description_below hidden_label field_validation_below gfield_visibility_visible\"  ><label class='gfield_label gform-field-label' for='input_1_2'>tel\u00e9fono<span class=\"gfield_required\"><span class=\"gfield_required gfield_required_asterisk\">*<\/span><\/span><\/label><div class='ginput_container ginput_container_phone'><input name='input_2' id='input_1_2' type='tel' value='' class='large'  placeholder='tel\u00e9fono' aria-required=\"true\" aria-invalid=\"false\"   \/><\/div><\/div><div id=\"field_1_3\" class=\"gfield gfield--type-email gfield--width-half gfield_contains_required field_sublabel_below gfield--no-description field_description_below hidden_label field_validation_below gfield_visibility_visible\"  ><label class='gfield_label gform-field-label' for='input_1_3'>Email<span class=\"gfield_required\"><span class=\"gfield_required gfield_required_asterisk\">*<\/span><\/span><\/label><div class='ginput_container ginput_container_email'>\n                            <input name='input_3' id='input_1_3' type='email' value='' class='large'   placeholder='Email*' aria-required=\"true\" aria-invalid=\"false\"  \/>\n                        <\/div><\/div><div id=\"field_1_8\" class=\"gfield gfield--type-textarea gfield_contains_required field_sublabel_below gfield--no-description field_description_below hidden_label field_validation_below gfield_visibility_visible\"  ><label class='gfield_label gform-field-label' for='input_1_8'>Mensaje<span class=\"gfield_required\"><span class=\"gfield_required gfield_required_asterisk\">*<\/span><\/span><\/label><div class='ginput_container ginput_container_textarea'><textarea name='input_8' id='input_1_8' class='textarea medium'    placeholder='Escribe tu mensaje' aria-required=\"true\" aria-invalid=\"false\"   rows='10' cols='50'><\/textarea><\/div><\/div><div id=\"field_1_12\" class=\"gfield gfield--type-html gfield_html gfield_html_formatted gfield_no_follows_desc field_sublabel_below gfield--no-description field_description_below field_validation_below gfield_visibility_visible\"  ><div class=\"protecdata\">Informaci\u00f3n b\u00e1sica sobre protecci\u00f3n de datos<\/h4> <p>El Responsable del Tratamiento es Big Ben Idiomas La finalidad del tratamiento es atender su tr\u00e1mite. La base legal del tratamiento es el leg\u00edtimo inter\u00e9s del responsable del tratamiento. No se prev\u00e9n comunicaciones de datos salvo en los supuestos legalmente previstos. Puede acceder, rectificar o suprimir sus datos seg\u00fan la informaci\u00f3n adicional que puede consultar <a href=\"https:\/\/bigbenidiomes.com\/politica-de-privacidad\/\"><span style=\"font-weight:bold; text-decoration:underline;\">aqu\u00ed<\/span>.<\/a><\/p><\/div><\/div><fieldset id=\"field_1_11\" class=\"gfield gfield--type-checkbox gfield--type-choice acepto gfield_contains_required field_sublabel_below gfield--no-description field_description_below hidden_label field_validation_below gfield_visibility_visible\"  ><legend class='gfield_label gform-field-label gfield_label_before_complex' >Sin nombre<span class=\"gfield_required\"><span class=\"gfield_required gfield_required_asterisk\">*<\/span><\/span><\/legend><div class='ginput_container ginput_container_checkbox'><div class='gfield_checkbox ' id='input_1_11'><div class='gchoice gchoice_1_11_1'>\n\t\t\t\t\t\t\t\t<input class='gfield-choice-input' name='input_11.1' type='checkbox'  value='&lt;span style=&quot;color:#717171&quot;&gt;He le\u00eddo y acepto el tratamiento de mis datos en los t\u00e9rminos se\u00f1alados en la cl\u00e1usula adicional sobre protecci\u00f3n de datos.&lt;\/span&gt;'  id='choice_1_11_1'   \/>\n\t\t\t\t\t\t\t\t<label for='choice_1_11_1' id='label_1_11_1' class='gform-field-label gform-field-label--type-inline'><span style=\"color:#717171;\">He le\u00eddo y acepto el tratamiento de mis datos en los t\u00e9rminos se\u00f1alados en la cl\u00e1usula adicional sobre protecci\u00f3n de datos.<\/span><\/label>\n\t\t\t\t\t\t\t<\/div><\/div><\/div><\/fieldset><div id=\"field_1_9\" class=\"gfield gfield--type-hidden gform_hidden field_sublabel_below gfield--no-description field_description_below field_validation_below gfield_visibility_visible\"  ><div class='ginput_container ginput_container_text'><input name='input_9' id='input_1_9' type='hidden' class='gform_hidden'  aria-invalid=\"false\" value='https:\/\/bigbenidiomes.com\/es\/wp-json\/wp\/v2\/pages\/1170' \/><\/div><\/div><\/div><\/div>\n        <div class='gform-footer gform_footer top_label'> <input type='submit' id='gform_submit_button_1' class='gform_button button' onclick='gform.submission.handleButtonClick(this);' data-submission-type='submit' value='Enviar'  \/> \n            <input type='hidden' class='gform_hidden' name='gform_submission_method' data-js='gform_submission_method_1' value='postback' \/>\n            <input type='hidden' class='gform_hidden' name='gform_theme' data-js='gform_theme_1' id='gform_theme_1' value='gravity-theme' \/>\n            <input type='hidden' class='gform_hidden' name='gform_style_settings' data-js='gform_style_settings_1' id='gform_style_settings_1' value='[]' \/>\n            <input type='hidden' class='gform_hidden' name='is_submit_1' value='1' \/>\n            <input type='hidden' class='gform_hidden' name='gform_submit' value='1' \/>\n            \n            <input type='hidden' class='gform_hidden' name='gform_currency' data-currency='EUR' value='g9PQ9st0ThcFGqVBvYhuoUnmGyQN6gp2NKchfoQOUFgmUbX1L1jhLSwPrQtn4zps\/3CJiYOWHcliX2rN\/L65CnvTMFc5c\/JsluUAYLAk+deJx9s=' \/>\n            <input type='hidden' class='gform_hidden' name='gform_unique_id' value='' \/>\n            <input type='hidden' class='gform_hidden' name='state_1' value='WyJbXSIsIjYzNjU3N2VkODkyOWVmNjMzMWQ1NDIxNTBiZDk2M2QxIl0=' \/>\n            <input type='hidden' autocomplete='off' class='gform_hidden' name='gform_target_page_number_1' id='gform_target_page_number_1' value='0' \/>\n            <input type='hidden' autocomplete='off' class='gform_hidden' name='gform_source_page_number_1' id='gform_source_page_number_1' value='1' \/>\n            <input type='hidden' name='gform_field_values' value='' \/>\n            \n        <\/div>\n                        <\/form>\n                        <\/div><script type=\"text\/javascript\">\n\/* <![CDATA[ *\/\n gform.initializeOnLoaded( function() {gformInitSpinner( 1, 'https:\/\/bigbenidiomes.com\/wp-content\/plugins\/gravityforms\/images\/spinner.svg', true );jQuery('#gform_ajax_frame_1').on('load',function(){var contents = jQuery(this).contents().find('*').html();var is_postback = contents.indexOf('GF_AJAX_POSTBACK') >= 0;if(!is_postback){return;}var form_content = jQuery(this).contents().find('#gform_wrapper_1');var is_confirmation = jQuery(this).contents().find('#gform_confirmation_wrapper_1').length > 0;var is_redirect = contents.indexOf('gformRedirect(){') >= 0;var is_form = form_content.length > 0 && ! is_redirect && ! is_confirmation;var mt = parseInt(jQuery('html').css('margin-top'), 10) + parseInt(jQuery('body').css('margin-top'), 10) + 100;if(is_form){jQuery('#gform_wrapper_1').html(form_content.html());if(form_content.hasClass('gform_validation_error')){jQuery('#gform_wrapper_1').addClass('gform_validation_error');} else {jQuery('#gform_wrapper_1').removeClass('gform_validation_error');}setTimeout( function() { \/* delay the scroll by 50 milliseconds to fix a bug in chrome *\/  }, 50 );if(window['gformInitDatepicker']) {gformInitDatepicker();}if(window['gformInitPriceFields']) {gformInitPriceFields();}var current_page = jQuery('#gform_source_page_number_1').val();gformInitSpinner( 1, 'https:\/\/bigbenidiomes.com\/wp-content\/plugins\/gravityforms\/images\/spinner.svg', true );jQuery(document).trigger('gform_page_loaded', [1, current_page]);window['gf_submitting_1'] = false;}else if(!is_redirect){var confirmation_content = jQuery(this).contents().find('.GF_AJAX_POSTBACK').html();if(!confirmation_content){confirmation_content = contents;}jQuery('#gform_wrapper_1').replaceWith(confirmation_content);jQuery(document).trigger('gform_confirmation_loaded', [1]);window['gf_submitting_1'] = false;wp.a11y.speak(jQuery('#gform_confirmation_message_1').text());}else{jQuery('#gform_1').append(contents);if(window['gformRedirect']) {gformRedirect();}}jQuery(document).trigger(\"gform_pre_post_render\", [{ formId: \"1\", currentPage: \"current_page\", abort: function() { this.preventDefault(); } }]);        if (event && event.defaultPrevented) {                return;        }        const gformWrapperDiv = document.getElementById( \"gform_wrapper_1\" );        if ( gformWrapperDiv ) {            const visibilitySpan = document.createElement( \"span\" );            visibilitySpan.id = \"gform_visibility_test_1\";            gformWrapperDiv.insertAdjacentElement( \"afterend\", visibilitySpan );        }        const visibilityTestDiv = document.getElementById( \"gform_visibility_test_1\" );        let postRenderFired = false;        function triggerPostRender() {            if ( postRenderFired ) {                return;            }            postRenderFired = true;            gform.core.triggerPostRenderEvents( 1, current_page );            if ( visibilityTestDiv ) {                visibilityTestDiv.parentNode.removeChild( visibilityTestDiv );            }        }        function debounce( func, wait, immediate ) {            var timeout;            return function() {                var context = this, args = arguments;                var later = function() {                    timeout = null;                    if ( !immediate ) func.apply( context, args );                };                var callNow = immediate && !timeout;                clearTimeout( timeout );                timeout = setTimeout( later, wait );                if ( callNow ) func.apply( context, args );            };        }        const debouncedTriggerPostRender = debounce( function() {            triggerPostRender();        }, 200 );        if ( visibilityTestDiv && visibilityTestDiv.offsetParent === null ) {            const observer = new MutationObserver( ( mutations ) => {                mutations.forEach( ( mutation ) => {                    if ( mutation.type === 'attributes' && visibilityTestDiv.offsetParent !== null ) {                        debouncedTriggerPostRender();                        observer.disconnect();                    }                });            });            observer.observe( document.body, {                attributes: true,                childList: false,                subtree: true,                attributeFilter: [ 'style', 'class' ],            });        } else {            triggerPostRender();        }    } );} ); \n\/* ]]> *\/\n<\/script>\n","protected":false},"excerpt":{"rendered":"<p>M\u00c9TODO RIGOR ACAD\u00c9MICO Nuestras clases combinan de forma equilibrada gram\u00e1tica, conversaci\u00f3n, pronunciaci\u00f3n, comprensi\u00f3n oral y lectora, para consolidar la lengua y poder utilizarla en cualquier contexto de la vida real. Aplicamos la metodolog\u00eda directa entre profesor y alumno, con el soporte de libros de texto y de actividades. Tenemos como objetivo proporcionar una formaci\u00f3n relevante &hellip;<\/p>\n","protected":false},"author":3,"featured_media":0,"parent":0,"menu_order":0,"comment_status":"closed","ping_status":"closed","template":"","meta":{"_genesis_hide_title":false,"_genesis_hide_breadcrumbs":false,"_genesis_hide_singular_image":false,"_genesis_hide_footer_widgets":false,"_genesis_custom_body_class":"","_genesis_custom_post_class":"","_genesis_layout":"","footnotes":""},"class_list":{"0":"post-1170","1":"page","2":"type-page","3":"status-publish","5":"entry"},"featured_image_src":null,"featured_image_src_square":null,"_links":{"self":[{"href":"https:\/\/bigbenidiomes.com\/es\/wp-json\/wp\/v2\/pages\/1170","targetHints":{"allow":["GET"]}}],"collection":[{"href":"https:\/\/bigbenidiomes.com\/es\/wp-json\/wp\/v2\/pages"}],"about":[{"href":"https:\/\/bigbenidiomes.com\/es\/wp-json\/wp\/v2\/types\/page"}],"author":[{"embeddable":true,"href":"https:\/\/bigbenidiomes.com\/es\/wp-json\/wp\/v2\/users\/3"}],"replies":[{"embeddable":true,"href":"https:\/\/bigbenidiomes.com\/es\/wp-json\/wp\/v2\/comments?post=1170"}],"version-history":[{"count":8,"href":"https:\/\/bigbenidiomes.com\/es\/wp-json\/wp\/v2\/pages\/1170\/revisions"}],"predecessor-version":[{"id":1486,"href":"https:\/\/bigbenidiomes.com\/es\/wp-json\/wp\/v2\/pages\/1170\/revisions\/1486"}],"wp:attachment":[{"href":"https:\/\/bigbenidiomes.com\/es\/wp-json\/wp\/v2\/media?parent=1170"}],"curies":[{"name":"wp","href":"https:\/\/api.w.org\/{rel}","templated":true}]}}