{"id":1178,"date":"2022-11-11T08:02:40","date_gmt":"2022-11-11T08:02:40","guid":{"rendered":"http:\/\/bigbenidiomes.com\/quienes-somos\/"},"modified":"2023-09-08T14:29:42","modified_gmt":"2023-09-08T14:29:42","slug":"quienes-somos","status":"publish","type":"page","link":"https:\/\/bigbenidiomes.com\/es\/quienes-somos\/","title":{"rendered":"Qui\u00e9nes somos"},"content":{"rendered":"<div class=\"wp-block-image\">\n<figure class=\"aligncenter size-full\"><img loading=\"lazy\" decoding=\"async\" width=\"600\" height=\"431\" src=\"https:\/\/bigbenidiomes.com\/wp-content\/uploads\/2023\/03\/QUI-SOM-600X431.png\" alt=\"\" class=\"wp-image-704\" srcset=\"https:\/\/bigbenidiomes.com\/wp-content\/uploads\/2023\/03\/QUI-SOM-600X431.png 600w, https:\/\/bigbenidiomes.com\/wp-content\/uploads\/2023\/03\/QUI-SOM-600X431-300x216.png 300w\" sizes=\"auto, (max-width: 600px) 100vw, 600px\" \/><\/figure>\n<\/div>\n\n\n<div style=\"height:50px\" aria-hidden=\"true\" class=\"wp-block-spacer\"><\/div>\n\n\n\n<h2 class=\"wp-block-heading has-text-color\" style=\"color:#5402b8;font-size:55px\">QUIENES SOMOS<\/h2>\n\n\n\n<p>Era un septiembre de 1977 cuando Anna Jov\u00e9, profesora y fil\u00f3loga inglesa, decidi\u00f3 abrir la que era entonces la primera escuela de idiomas en el barrio de Les Corts. M\u00e1s de 45 a\u00f1os despu\u00e9s, estamos orgullosos de seguir ofreciendo cursos de calidad en el barrio a nuestros alumnos, algunos de ellos hijos de antiguos alumnos. Es para nosotros un firme compromiso asegurar que nuestros alumnos puedan desarrollarse en el idioma que est\u00e1n aprendiendo dentro del mundo real que les rodea.<\/p>\n\n\n\n<p>Somos especialistas en presentar a nuestros alumnos, tanto ni\u00f1os, j\u00f3venes como adultos, en ex\u00e1menes oficiales. Son ya miles de alumnos los que hemos presentado a lo largo de nuestra historia, con porcentajes de aprobados nunca inferiores al 95%. Varias de las profesoras nativas de nuestro centro son, adem\u00e1s, examinadoras de los ex\u00e1menes oficiales de The University of Cambridge.<\/p>\n\n\n\n<p>Actualmente tenemos a la segunda generaci\u00f3n de la familia, as\u00ed como un equipo consolidado con muchos a\u00f1os de implicaci\u00f3n con nuestro proyecto, que adaptamos continuamente a los nuevos tiempos y tendencias educativas, manteniendo la filosof\u00eda de proximidad que nos caracteriza.<\/p>\n\n\n\n<p><strong>\u00a1Ven a conocernos o cont\u00e1ctanos, estaremos encantados de ayudarte en tu proyecto ling\u00fc\u00edstico personal y\/o profesional!<\/strong><\/p>\n\n\n\n<div class=\"wp-block-columns is-layout-flex wp-container-core-columns-is-layout-9d6595d7 wp-block-columns-is-layout-flex\">\n<div class=\"wp-block-column is-layout-flow wp-block-column-is-layout-flow\"><\/div>\n\n\n\n<div class=\"wp-block-column is-layout-flow wp-block-column-is-layout-flow\">\n<figure class=\"wp-block-image size-full is-resized\"><img loading=\"lazy\" decoding=\"async\" src=\"https:\/\/bigbenidiomes.com\/wp-content\/uploads\/2023\/03\/Group-20.png\" alt=\"\" class=\"wp-image-165\" style=\"width:113px;height:113px\" width=\"113\" height=\"113\" srcset=\"https:\/\/bigbenidiomes.com\/wp-content\/uploads\/2023\/03\/Group-20.png 150w, https:\/\/bigbenidiomes.com\/wp-content\/uploads\/2023\/03\/Group-20-80x80.png 80w\" sizes=\"auto, (max-width: 113px) 100vw, 113px\" \/><\/figure>\n\n\n\n<p><strong>RIGOR ACAD\u00c9MICO<\/strong><\/p>\n<\/div>\n\n\n\n<div class=\"wp-block-column is-layout-flow wp-block-column-is-layout-flow\">\n<figure class=\"wp-block-image size-full is-resized\"><img loading=\"lazy\" decoding=\"async\" src=\"https:\/\/bigbenidiomes.com\/wp-content\/uploads\/2023\/03\/Group-21.png\" alt=\"\" class=\"wp-image-166\" style=\"width:113px;height:113px\" width=\"113\" height=\"113\" srcset=\"https:\/\/bigbenidiomes.com\/wp-content\/uploads\/2023\/03\/Group-21.png 150w, https:\/\/bigbenidiomes.com\/wp-content\/uploads\/2023\/03\/Group-21-80x80.png 80w\" sizes=\"auto, (max-width: 113px) 100vw, 113px\" \/><\/figure>\n\n\n\n<p><strong>ESPECIALISTAS EN EX\u00c1MENES OFICIALES<\/strong><\/p>\n<\/div>\n\n\n\n<div class=\"wp-block-column is-layout-flow wp-block-column-is-layout-flow\">\n<figure class=\"wp-block-image size-full is-resized\"><img loading=\"lazy\" decoding=\"async\" src=\"https:\/\/bigbenidiomes.com\/wp-content\/uploads\/2023\/03\/Group-22.png\" alt=\"\" class=\"wp-image-167\" style=\"width:113px;height:113px\" width=\"113\" height=\"113\" srcset=\"https:\/\/bigbenidiomes.com\/wp-content\/uploads\/2023\/03\/Group-22.png 150w, https:\/\/bigbenidiomes.com\/wp-content\/uploads\/2023\/03\/Group-22-80x80.png 80w\" sizes=\"auto, (max-width: 113px) 100vw, 113px\" \/><\/figure>\n\n\n\n<p><strong>CENTRO ACREDITADO  PREPARADOR CAMBRIGE EXAMS<\/strong><\/p>\n<\/div>\n\n\n\n<div class=\"wp-block-column is-layout-flow wp-block-column-is-layout-flow\"><\/div>\n<\/div>\n","protected":false},"excerpt":{"rendered":"<p>QUIENES SOMOS Era un septiembre de 1977 cuando Anna Jov\u00e9, profesora y fil\u00f3loga inglesa, decidi\u00f3 abrir la que era entonces la primera escuela de idiomas en el barrio de Les Corts. M\u00e1s de 45 a\u00f1os despu\u00e9s, estamos orgullosos de seguir ofreciendo cursos de calidad en el barrio a nuestros alumnos, algunos de ellos hijos de &hellip;<\/p>\n","protected":false},"author":1,"featured_media":0,"parent":0,"menu_order":0,"comment_status":"closed","ping_status":"closed","template":"","meta":{"_genesis_hide_title":false,"_genesis_hide_breadcrumbs":false,"_genesis_hide_singular_image":false,"_genesis_hide_footer_widgets":false,"_genesis_custom_body_class":"","_genesis_custom_post_class":"","_genesis_layout":"","footnotes":""},"class_list":{"0":"post-1178","1":"page","2":"type-page","3":"status-publish","5":"entry"},"featured_image_src":null,"featured_image_src_square":null,"_links":{"self":[{"href":"https:\/\/bigbenidiomes.com\/es\/wp-json\/wp\/v2\/pages\/1178","targetHints":{"allow":["GET"]}}],"collection":[{"href":"https:\/\/bigbenidiomes.com\/es\/wp-json\/wp\/v2\/pages"}],"about":[{"href":"https:\/\/bigbenidiomes.com\/es\/wp-json\/wp\/v2\/types\/page"}],"author":[{"embeddable":true,"href":"https:\/\/bigbenidiomes.com\/es\/wp-json\/wp\/v2\/users\/1"}],"replies":[{"embeddable":true,"href":"https:\/\/bigbenidiomes.com\/es\/wp-json\/wp\/v2\/comments?post=1178"}],"version-history":[{"count":9,"href":"https:\/\/bigbenidiomes.com\/es\/wp-json\/wp\/v2\/pages\/1178\/revisions"}],"predecessor-version":[{"id":1834,"href":"https:\/\/bigbenidiomes.com\/es\/wp-json\/wp\/v2\/pages\/1178\/revisions\/1834"}],"wp:attachment":[{"href":"https:\/\/bigbenidiomes.com\/es\/wp-json\/wp\/v2\/media?parent=1178"}],"curies":[{"name":"wp","href":"https:\/\/api.w.org\/{rel}","templated":true}]}}