{"id":1182,"date":"2022-11-11T07:59:39","date_gmt":"2022-11-11T07:59:39","guid":{"rendered":"http:\/\/bigbenidiomes.com\/aviso-legal\/"},"modified":"2023-04-02T11:50:00","modified_gmt":"2023-04-02T11:50:00","slug":"aviso-legal","status":"publish","type":"page","link":"https:\/\/bigbenidiomes.com\/es\/aviso-legal\/","title":{"rendered":"Aviso legal"},"content":{"rendered":"\n<p>El Aviso Legal y Pol\u00edtica de Privacidad de Big Ben idiomes se actualiz\u00f3 el 25 de marzo de 2023<\/p>\n\n<h2 class=\"wp-block-heading\">1.- IDENTIFICACI\u00d3N DEL TITULAR DEL DOMINIO<\/h2>\n\n<p>En cumplimiento de lo dispuesto en el art\u00edculo 10 de la Ley 34\/2002, de 11 de julio, de Servicios de la Sociedad de la Informaci\u00f3n y de Comercio Electr\u00f3nico, se informa a todos los usuarios de este sitio web que lo titular es :<br\/>Mariana Jov\u00e9 Capell<br\/>NIF 40835832E<br\/>Plaza Comas 15, entlo. 08028 Barcelona<br\/>Tel\u00e9fono +34 933 218 573<br\/>Correo electr\u00f3nico info@bigbenidiomes.com<\/p>\n\n<h2 class=\"wp-block-heading\">2.-NORMAS DE USO DEL PORTAL<\/h2>\n\n<p>Toda persona que acceda y utilice este sitio web tendr\u00e1 la consideraci\u00f3n de usuario. El usuario, por el mero hecho de ser usuario, acepta todas las condiciones de uso.<\/p>\n\n<h3 class=\"wp-block-heading\">2.1.- Gen\u00e9rico<\/h3>\n\n<p><br\/>Est\u00e1 prohibido publicar en este sitio web, en nuestros blogs y otras herramientas de participaci\u00f3n de contenido que violen los siguientes principios:<\/p>\n\n<ul class=\"wp-block-list\">\n<li>La salvaguarda del orden p\u00fablico, la investigaci\u00f3n criminal, la seguridad p\u00fablica y la defensa nacional.<\/li>\n\n\n\n<li>La protecci\u00f3n de la salud p\u00fablica o de las personas f\u00edsicas que tengan la condici\u00f3n de consumidores o usuarios.<\/li>\n\n\n\n<li>El respeto a la dignidad de la persona y el principio de no discriminaci\u00f3n por motivos de raza, sexo, opini\u00f3n, nacionalidad, discapacidad o cualquier otra circunstancia personal o social.<\/li>\n\n\n\n<li>La protecci\u00f3n de la juventud y la infancia.<\/li>\n\n\n\n<li>Respeto a la autonom\u00eda de la voluntad del afectado.<\/li>\n\n\n\n<li>Respecto a la propiedad intelectual de lo publicado.<\/li>\n\n\n\n<li>Por lo general, el respeto a la legislaci\u00f3n vigente.<\/li>\n<\/ul>\n\n<h3 class=\"wp-block-heading\">2.2.- Particulares<\/h3>\n\n<p>El usuario asume la responsabilidad de utilizar el portal. Esta responsabilidad se extiende al registro necesario para acceder a determinados servicios o contenidos. El usuario ser\u00e1 responsable de aportar informaci\u00f3n veraz y l\u00edcita al proceso de registro.<br\/>El usuario se compromete a realizar un uso adecuado de los contenidos y servicios que el titular del dominio ofrece a trav\u00e9s de sus sitios web y herramientas de participaci\u00f3n; con car\u00e1cter enunciativo, pero no limitativo, tambi\u00e9n se compromete a no utilizarlas por:<br\/>Provocar da\u00f1os a los sistemas f\u00edsicos y l\u00f3gicos del responsable del tratamiento, de sus proveedores o de terceras personas, introducir o difundir en la red virus inform\u00e1ticos o cualesquiera otros sistemas f\u00edsicos o l\u00f3gicos que sean susceptibles de provocar da\u00f1os.<br\/>Intentar acceder y, en su caso, utilizar las cuentas de correo electr\u00f3nico de otros usuarios y modificar o manipular sus mensajes.<br\/>El titular del dominio se reserva el derecho de retirar todos los comentarios y aportaciones que vulneren el respeto a la dignidad de la persona, que sean discriminatorios, xen\u00f3fobos, racistas, pornogr\u00e1ficos que atenten contra las personas, especialmente, contra los intereses de la juventud o de la infancia, orden o seguridad p\u00fablica o que, no resulten adecuados para su publicaci\u00f3n a criterio de la direcci\u00f3n del centro.<br\/>En cualquier caso, el titular del dominio no es responsable de las opiniones vertidas por los usuarios a trav\u00e9s de los foros, chats u otras herramientas de participaci\u00f3n.<\/p>\n\n<h2 class=\"wp-block-heading\">3.- PROPIEDAD INTELECTUAL E INDUSTRIAL<\/h2>\n\n<p>El titular del dominio es titular de todos los derechos de propiedad intelectual e industrial de sus p\u00e1ginas web, as\u00ed como lo es de todo su contenido, por lo que toda reproducci\u00f3n, distribuci\u00f3n y comunicaci\u00f3n p\u00fablica total o parcial del contenido queda expresamente prohibida sin la autorizaci\u00f3n expresa de la direcci\u00f3n del titular del dominio. Cualquier uso no autorizado previamente, se considera un incumplimiento grave de los derechos de propiedad intelectual o industrial del autor.<\/p>\n\n<h2 class=\"wp-block-heading\">4.- RESPONSABILIDAD<\/h2>\n\n<p>El titular del dominio no se hace responsable de los da\u00f1os y perjuicios que puedan derivarse de interferencias o aver\u00edas telef\u00f3nicas, desconexiones en el sistema electr\u00f3nico, presencia de virus inform\u00e1ticos, programas maliciosos o cualquier otro factor ajeno a su control. Tampoco se hace responsable de los contenidos o sistemas de terceros conectados al dominio del responsable del tratamiento a trav\u00e9s de enlaces.<br\/>El titular del dominio se reserva el ejercicio de las acciones legales que correspondan contra quienes vulneren estas condiciones.<\/p>\n\n<h2 class=\"wp-block-heading\">5.- MODIFICACIONES DE LAS PRESENTES CONDICIONES<\/h2>\n\n<p>El titular del dominio puede modificar estas condiciones en cualquier momento, sin previo aviso, publicando sus modificaciones.<\/p>\n\n<h2 class=\"wp-block-heading\">6.- LEGISLACI\u00d3N APLICABLE Y JURISDICCI\u00d3N<\/h2>\n\n<p>La relaci\u00f3n entre el titular del dominio y el usuario se regir\u00e1 por la normativa espa\u00f1ola vigente y cualquier controversia se someter\u00e1 a los juzgados y tribunales de Barcelona (Espa\u00f1a).<\/p>\n","protected":false},"excerpt":{"rendered":"<p>El Aviso Legal y Pol\u00edtica de Privacidad de Big Ben idiomes se actualiz\u00f3 el 25 de marzo de 2023 1.- IDENTIFICACI\u00d3N DEL TITULAR DEL DOMINIO En cumplimiento de lo dispuesto en el art\u00edculo 10 de la Ley 34\/2002, de 11 de julio, de Servicios de la Sociedad de la Informaci\u00f3n y de Comercio Electr\u00f3nico, se &hellip;<\/p>\n","protected":false},"author":1,"featured_media":0,"parent":0,"menu_order":0,"comment_status":"closed","ping_status":"closed","template":"","meta":{"_genesis_hide_title":false,"_genesis_hide_breadcrumbs":false,"_genesis_hide_singular_image":false,"_genesis_hide_footer_widgets":false,"_genesis_custom_body_class":"","_genesis_custom_post_class":"","_genesis_layout":"","footnotes":""},"class_list":{"0":"post-1182","1":"page","2":"type-page","3":"status-publish","5":"entry"},"featured_image_src":null,"featured_image_src_square":null,"_links":{"self":[{"href":"https:\/\/bigbenidiomes.com\/es\/wp-json\/wp\/v2\/pages\/1182","targetHints":{"allow":["GET"]}}],"collection":[{"href":"https:\/\/bigbenidiomes.com\/es\/wp-json\/wp\/v2\/pages"}],"about":[{"href":"https:\/\/bigbenidiomes.com\/es\/wp-json\/wp\/v2\/types\/page"}],"author":[{"embeddable":true,"href":"https:\/\/bigbenidiomes.com\/es\/wp-json\/wp\/v2\/users\/1"}],"replies":[{"embeddable":true,"href":"https:\/\/bigbenidiomes.com\/es\/wp-json\/wp\/v2\/comments?post=1182"}],"version-history":[{"count":4,"href":"https:\/\/bigbenidiomes.com\/es\/wp-json\/wp\/v2\/pages\/1182\/revisions"}],"predecessor-version":[{"id":1362,"href":"https:\/\/bigbenidiomes.com\/es\/wp-json\/wp\/v2\/pages\/1182\/revisions\/1362"}],"wp:attachment":[{"href":"https:\/\/bigbenidiomes.com\/es\/wp-json\/wp\/v2\/media?parent=1182"}],"curies":[{"name":"wp","href":"https:\/\/api.w.org\/{rel}","templated":true}]}}