{"id":1190,"date":"2023-02-21T09:14:56","date_gmt":"2023-02-21T09:14:56","guid":{"rendered":"http:\/\/bigbenidiomes.com\/cursos-intensivos-verano\/"},"modified":"2024-06-12T17:32:00","modified_gmt":"2024-06-12T17:32:00","slug":"cursos-intensivos-verano","status":"publish","type":"page","link":"https:\/\/bigbenidiomes.com\/es\/cursos-intensivos-verano\/","title":{"rendered":"Cursos intensivos Verano"},"content":{"rendered":"<div class=\"wp-block-image\">\n<figure class=\"aligncenter size-full\"><img loading=\"lazy\" decoding=\"async\" width=\"600\" height=\"431\" src=\"https:\/\/bigbenidiomes.com\/wp-content\/uploads\/2023\/04\/INTENSIU-AVANCAR-UN-NIVELL-1.png\" alt=\"\" class=\"wp-image-1659\" srcset=\"https:\/\/bigbenidiomes.com\/wp-content\/uploads\/2023\/04\/INTENSIU-AVANCAR-UN-NIVELL-1.png 600w, https:\/\/bigbenidiomes.com\/wp-content\/uploads\/2023\/04\/INTENSIU-AVANCAR-UN-NIVELL-1-300x216.png 300w\" sizes=\"auto, (max-width: 600px) 100vw, 600px\" \/><\/figure>\n<\/div>\n\n\n<h2 class=\"wp-block-heading has-text-color\" style=\"color:#07ffa6;font-size:55px\"><strong>INTENSIVO PARA AVANZAR UN NIVEL<\/strong> &#8211; AP\u00daNTATE ANTES DEL 21 DE JUNIO<\/h2>\n\n\n\n<div style=\"height:50px\" aria-hidden=\"true\" class=\"wp-block-spacer\"><\/div>\n\n\n\n<div class=\"wp-block-columns is-layout-flex wp-container-core-columns-is-layout-9d6595d7 wp-block-columns-is-layout-flex\">\n<div class=\"wp-block-column is-layout-flow wp-block-column-is-layout-flow\" style=\"flex-basis:25%\">\n<div class=\"wp-block-genesis-blocks-gb-column gb-block-layout-column\"><div class=\"gb-block-layout-column-inner\"><div class=\"wp-block-image\">\n<figure class=\"aligncenter size-full\"><img loading=\"lazy\" decoding=\"async\" width=\"68\" height=\"68\" src=\"https:\/\/bigbenidiomes.com\/wp-content\/uploads\/2023\/03\/Layer_3.png\" alt=\"\" class=\"wp-image-238\"\/><\/figure>\n<\/div>\n\n\n<p class=\"has-text-align-center has-text-color\" style=\"color:#07ffa6;font-size:25px\">Horarios<\/p>\n\n\n\n\n<\/div><\/div>\n\n\n\n<div id=\"horaris-intensiu\">\n<ul>\n<li>Curso 40 horas.<\/li>\n<li>Ma\u00f1anas &#8211; De lunes a viernes<\/li>\n<li>9h \u2013 18h<\/li>\n\n<li>Curso 60 horas.<\/li>\n<li>Ma\u00f1anas &#8211; De lunes a viernes<\/li>\n<li>9h \u2013 18h<\/li>\n<\/ul>\n<\/div>\n<\/div>\n\n\n\n<div class=\"wp-block-column is-layout-flow wp-block-column-is-layout-flow\" style=\"flex-basis:25%\"><div class=\"wp-block-image\">\n<figure class=\"aligncenter size-full\"><img loading=\"lazy\" decoding=\"async\" width=\"68\" height=\"68\" src=\"https:\/\/bigbenidiomes.com\/wp-content\/uploads\/2023\/03\/Layer_31.png\" alt=\"\" class=\"wp-image-239\"\/><\/figure>\n<\/div>\n\n\n<p class=\"has-text-align-center has-text-color\" style=\"color:#07ffa6;font-size:25px\">Precios<\/p>\n\n\n\n\n\n\n\n<div id=\"preus-intensiu\">\n<ul>\n<li>Curso de 40h &#8211; hasta Upper Int: 532\u20ac<\/li>\n<li>Curso de 60h &#8211; Upper en adelante: 698\u20ac<\/li>\n<li>Material a parte<\/li>\n<\/ul>\n<\/div>\n<\/div>\n\n\n\n<div class=\"wp-block-column is-layout-flow wp-block-column-is-layout-flow\" style=\"flex-basis:25%\"><\/div>\n<\/div>\n\n\n\n<p class=\"destacat\">Curso intensivo con el objetivo de avanzar un nivel acad\u00e9mico en un mes, 40h o 60h dependiendo del nivel.<\/p>\n\n\n\n<p class=\"destacat\">Grupos muy reducidos.<\/p>\n\n\n\n<p class=\"destacat\">2 o 3h\/d\u00eda.<\/p>\n\n\n\n<p class=\"destacat\">Seguimos la metodolog\u00eda directa y personal de Big Ben Idiomes con profesorado nativo y de amplia experiencia, complementada con recursos digitales muy din\u00e1micos.<\/p>\n\n\n\n<p class=\"destacat\">Utilizamos libros de texto y actividades con sus complementos digitales.<\/p>\n\n\n\n<p class=\"destacat\">Realizamos un examen de progreso cada semana, que se realiza fuera de las horas lectivas y as\u00ed maximizamos las horas docentes incluidas en el curso (estimaci\u00f3n de 10h extras incluidas en el curso).<\/p>\n\n\n\n<p class=\"destacat\">Pruebas de nivel personalizadas para crear grupos por niveles homog\u00e9neos.<\/p>\n\n\n\n<p class=\"destacat\">Tambi\u00e9n disponemos de cursos intensivos de corta duraci\u00f3n para profundizar en t\u00e9cnicas de examen.<\/p>\n\n\n\n<div style=\"height:100px\" aria-hidden=\"true\" class=\"wp-block-spacer\"><\/div>\n\n\n<div class=\"wp-block-image\">\n<figure class=\"aligncenter size-full\"><img loading=\"lazy\" decoding=\"async\" width=\"600\" height=\"431\" src=\"https:\/\/bigbenidiomes.com\/wp-content\/uploads\/2023\/04\/packs-personalitzats-classes-estiu.png\" alt=\"\" class=\"wp-image-1670\" srcset=\"https:\/\/bigbenidiomes.com\/wp-content\/uploads\/2023\/04\/packs-personalitzats-classes-estiu.png 600w, https:\/\/bigbenidiomes.com\/wp-content\/uploads\/2023\/04\/packs-personalitzats-classes-estiu-300x216.png 300w\" sizes=\"auto, (max-width: 600px) 100vw, 600px\" \/><\/figure>\n<\/div>\n\n\n<h2 class=\"wp-block-heading has-text-color\" style=\"color:#35bbcc;font-size:55px\"><strong>PACKS PERSONALIZADOS<\/strong><\/h2>\n\n\n\n<div class=\"wp-block-columns are-vertically-aligned-top is-layout-flex wp-container-core-columns-is-layout-9d6595d7 wp-block-columns-is-layout-flex\">\n<div class=\"wp-block-column is-vertically-aligned-top is-layout-flow wp-block-column-is-layout-flow\" style=\"flex-basis:25%\"><div class=\"wp-block-image\">\n<figure class=\"aligncenter size-full\"><img loading=\"lazy\" decoding=\"async\" width=\"68\" height=\"68\" src=\"https:\/\/bigbenidiomes.com\/wp-content\/uploads\/2023\/03\/Layer_3.png\" alt=\"\" class=\"wp-image-238\"\/><\/figure>\n<\/div>\n\n\n<p class=\"has-text-align-center has-text-color\" style=\"color:#ff7a00;font-size:25px\">Horarios<\/p>\n\n\n\n<div id=\"PACKS\">\n<ul>\n<li>Pack 10 hores:<\/li>\n<li>1 alumne: 325 <\/li>\n<li>205\u20ac (alumne) <\/li>\n<li> 3 alumnes: 170\u20ac (alumne)<\/li>\n<li>Pack 15hores:<\/li>\n<li>1 alumne: 488\u20ac <\/li>\n<li> 2 alumnes: 308\u20ac (alumne) <\/li>\n<li> 3 alumnes: 255\u20ac (alumne)<\/li>\n<li>Pack 20hores:<\/li>\n<li>1 alumne: 600\u20ac <\/li>\n<li> 2 alumnes: 390\u20ac (alumne) <\/li>\n<li> 3 alumnes: 320\u20ac (alumne)<\/li>\n<li>Pack 25hores:<\/li>\n<li>1 alumne: 750\u20ac <\/li>\n<li> 2 alumnes: 488\u20ac (alumne) <\/li>\n<li> 3 alumnes: 400\u20ac (alumne)<\/li>\n<li>Pack 30hores:<\/li>\n<li>1 alumne: 840\u20ac <\/li>\n<li> 2 alumnes: 540\u20ac (alumne) <\/li>\n<li> 3 alumnes: 450\u20ac (alumne)<\/li>\n<\/ul>\n<\/div>\n<\/div>\n\n\n\n<div class=\"wp-block-column is-vertically-aligned-top is-layout-flow wp-block-column-is-layout-flow\" style=\"flex-basis:25%\"><div class=\"wp-block-image\">\n<figure class=\"aligncenter size-full\"><img loading=\"lazy\" decoding=\"async\" width=\"68\" height=\"68\" src=\"https:\/\/bigbenidiomes.com\/wp-content\/uploads\/2023\/03\/Layer_31.png\" alt=\"\" class=\"wp-image-239\"\/><\/figure>\n<\/div>\n\n\n<p class=\"has-text-align-center has-text-color\" style=\"color:#ff7a00;font-size:25px\">Precios<\/p>\n\n\n\n<div id=\"preus-tecnica\">\n<ul>\n<li>Curso de 10 horas\/semana<\/li>\n<li>2 horas diarias: 157\u20ac<\/li>\n<li>Curso de 20 horas\/semana<\/li>\n<li>4 horas diarias: 256\u20ac<\/li>\n<li>Material a parte<\/li>\n<\/ul>\n<\/div>\n<\/div>\n\n\n\n<div class=\"wp-block-column is-vertically-aligned-top is-layout-flow wp-block-column-is-layout-flow\" style=\"flex-basis:25%\"><\/div>\n<\/div>\n\n\n\n<p class=\"destacat\">Si vols donar-li un impuls en l&#8217;aprenentatge de l&#8217;idioma i necessites que s&#8217;adapti a les teves necessitats, oferim els packs personalitzats perqu\u00e8 puguis estudiar al teu ritme amb l&#8217;atenci\u00f3 personalitzada que es requereix.<\/p>\n","protected":false},"excerpt":{"rendered":"<p>INTENSIVO PARA AVANZAR UN NIVEL &#8211; AP\u00daNTATE ANTES DEL 21 DE JUNIO Curso 40 horas. Ma\u00f1anas &#8211; De lunes a viernes 9h \u2013 18h Curso 60 horas. Ma\u00f1anas &#8211; De lunes a viernes 9h \u2013 18h Precios Curso de 40h &#8211; hasta Upper Int: 532\u20ac Curso de 60h &#8211; Upper en adelante: 698\u20ac Material a &hellip;<\/p>\n","protected":false},"author":1,"featured_media":0,"parent":0,"menu_order":0,"comment_status":"closed","ping_status":"closed","template":"","meta":{"_genesis_hide_title":false,"_genesis_hide_breadcrumbs":false,"_genesis_hide_singular_image":false,"_genesis_hide_footer_widgets":false,"_genesis_custom_body_class":"","_genesis_custom_post_class":"","_genesis_layout":"","footnotes":""},"class_list":{"0":"post-1190","1":"page","2":"type-page","3":"status-publish","5":"entry","6":"has-post-thumbnail"},"featured_image_src":null,"featured_image_src_square":null,"_links":{"self":[{"href":"https:\/\/bigbenidiomes.com\/es\/wp-json\/wp\/v2\/pages\/1190","targetHints":{"allow":["GET"]}}],"collection":[{"href":"https:\/\/bigbenidiomes.com\/es\/wp-json\/wp\/v2\/pages"}],"about":[{"href":"https:\/\/bigbenidiomes.com\/es\/wp-json\/wp\/v2\/types\/page"}],"author":[{"embeddable":true,"href":"https:\/\/bigbenidiomes.com\/es\/wp-json\/wp\/v2\/users\/1"}],"replies":[{"embeddable":true,"href":"https:\/\/bigbenidiomes.com\/es\/wp-json\/wp\/v2\/comments?post=1190"}],"version-history":[{"count":16,"href":"https:\/\/bigbenidiomes.com\/es\/wp-json\/wp\/v2\/pages\/1190\/revisions"}],"predecessor-version":[{"id":1946,"href":"https:\/\/bigbenidiomes.com\/es\/wp-json\/wp\/v2\/pages\/1190\/revisions\/1946"}],"wp:attachment":[{"href":"https:\/\/bigbenidiomes.com\/es\/wp-json\/wp\/v2\/media?parent=1190"}],"curies":[{"name":"wp","href":"https:\/\/api.w.org\/{rel}","templated":true}]}}