{"id":1199,"date":"2022-11-11T08:00:06","date_gmt":"2022-11-11T08:00:06","guid":{"rendered":"http:\/\/bigbenidiomes.com\/inicio\/"},"modified":"2025-12-05T17:31:23","modified_gmt":"2025-12-05T17:31:23","slug":"inicio","status":"publish","type":"page","link":"https:\/\/bigbenidiomes.com\/es\/","title":{"rendered":"Inicio"},"content":{"rendered":"<div class=\"wp-block-image hero-home-desk\">\n<figure class=\"aligncenter size-full is-resized\"><img loading=\"lazy\" decoding=\"async\" width=\"1324\" height=\"620\" src=\"https:\/\/bigbenidiomes.com\/wp-content\/uploads\/2023\/03\/1-2.png\" alt=\"\" class=\"wp-image-81\" style=\"width:662px;height:310px\" srcset=\"https:\/\/bigbenidiomes.com\/wp-content\/uploads\/2023\/03\/1-2.png 1324w, https:\/\/bigbenidiomes.com\/wp-content\/uploads\/2023\/03\/1-2-300x140.png 300w, https:\/\/bigbenidiomes.com\/wp-content\/uploads\/2023\/03\/1-2-1024x480.png 1024w, https:\/\/bigbenidiomes.com\/wp-content\/uploads\/2023\/03\/1-2-768x360.png 768w\" sizes=\"auto, (max-width: 1324px) 100vw, 1324px\" \/><\/figure>\n<\/div>\n\n<div class=\"wp-block-image hero-home-mobile\">\n<figure class=\"aligncenter size-full\"><img loading=\"lazy\" decoding=\"async\" width=\"412\" height=\"329\" src=\"https:\/\/bigbenidiomes.com\/wp-content\/uploads\/2023\/03\/1-21.png\" alt=\"\" class=\"wp-image-290\" srcset=\"https:\/\/bigbenidiomes.com\/wp-content\/uploads\/2023\/03\/1-21.png 412w, https:\/\/bigbenidiomes.com\/wp-content\/uploads\/2023\/03\/1-21-300x240.png 300w\" sizes=\"auto, (max-width: 412px) 100vw, 412px\" \/><\/figure>\n<\/div>\n\n\n<h2 class=\"wp-block-heading has-text-align-center has-text-color has-large-font-size\" style=\"color:#00000040\">Desde 1977 impulsando el aprendizaje de idiomas<\/h2>\n\n\n\n<h2 class=\"wp-block-heading has-text-align-center has-text-color has-large-font-size\" style=\"color:#00000040\">para ni\u00f1os, j\u00f3venes y adultos en el barrio de les Corts<\/h2>\n\n\n\n<div class=\"wp-block-genesis-blocks-gb-columns gb-layout-columns-2 gb-2-col-equal aligncenter\" style=\"margin-top:60px\"><div class=\"gb-layout-column-wrap gb-block-layout-column-gap-0 gb-is-responsive-column\">\n<div class=\"wp-block-genesis-blocks-gb-column gb-block-layout-column\"><div class=\"gb-block-layout-column-inner\">\n<div class=\"wp-block-genesis-blocks-gb-columns gb-layout-columns-3 gb-3-col-equal\"><div class=\"gb-layout-column-wrap gb-block-layout-column-gap-1\">\n<div class=\"wp-block-genesis-blocks-gb-column gb-block-layout-column\"><div class=\"gb-block-layout-column-inner\"><div class=\"wp-block-image\">\n<figure class=\"aligncenter size-full is-resized\"><img loading=\"lazy\" decoding=\"async\" width=\"150\" height=\"150\" src=\"https:\/\/bigbenidiomes.com\/wp-content\/uploads\/2023\/03\/Group-18.png\" alt=\"\" class=\"wp-image-163\" style=\"width:113px;height:113px\" srcset=\"https:\/\/bigbenidiomes.com\/wp-content\/uploads\/2023\/03\/Group-18.png 150w, https:\/\/bigbenidiomes.com\/wp-content\/uploads\/2023\/03\/Group-18-80x80.png 80w\" sizes=\"auto, (max-width: 150px) 100vw, 150px\" \/><\/figure>\n<\/div>\n\n\n<p class=\"has-text-align-center icon-text\">CURSOS PARA TODAS LAS EDADES<\/p>\n\n\n\n\n<\/div><\/div>\n\n\n\n<div class=\"wp-block-genesis-blocks-gb-column gb-block-layout-column\"><div class=\"gb-block-layout-column-inner\"><div class=\"wp-block-image\">\n<figure class=\"aligncenter size-full is-resized\"><img loading=\"lazy\" decoding=\"async\" width=\"150\" height=\"150\" src=\"https:\/\/bigbenidiomes.com\/wp-content\/uploads\/2023\/03\/Group-19.png\" alt=\"\" class=\"wp-image-164\" style=\"width:113px;height:113px\" srcset=\"https:\/\/bigbenidiomes.com\/wp-content\/uploads\/2023\/03\/Group-19.png 150w, https:\/\/bigbenidiomes.com\/wp-content\/uploads\/2023\/03\/Group-19-80x80.png 80w\" sizes=\"auto, (max-width: 150px) 100vw, 150px\" \/><\/figure>\n<\/div>\n\n\n<p class=\"has-text-align-center icon-text\">PROFESORADO CUALIFICADO<\/p>\n<\/div><\/div>\n\n\n\n<div class=\"wp-block-genesis-blocks-gb-column gb-block-layout-column\"><div class=\"gb-block-layout-column-inner\"><div class=\"wp-block-image\">\n<figure class=\"aligncenter size-full is-resized\"><img loading=\"lazy\" decoding=\"async\" width=\"150\" height=\"150\" src=\"https:\/\/bigbenidiomes.com\/wp-content\/uploads\/2023\/03\/Group-20.png\" alt=\"\" class=\"wp-image-165\" style=\"width:113px;height:113px\" srcset=\"https:\/\/bigbenidiomes.com\/wp-content\/uploads\/2023\/03\/Group-20.png 150w, https:\/\/bigbenidiomes.com\/wp-content\/uploads\/2023\/03\/Group-20-80x80.png 80w\" sizes=\"auto, (max-width: 150px) 100vw, 150px\" \/><\/figure>\n<\/div>\n\n\n<p class=\"has-text-align-center icon-text\">RIGOR ACAD\u00c9MICO<\/p>\n<\/div><\/div>\n<\/div><\/div>\n<\/div><\/div>\n\n\n\n<div class=\"wp-block-genesis-blocks-gb-column gb-block-layout-column\"><div class=\"gb-block-layout-column-inner\">\n<div class=\"wp-block-genesis-blocks-gb-columns gb-layout-columns-3 gb-3-col-equal\"><div class=\"gb-layout-column-wrap gb-block-layout-column-gap-1\">\n<div class=\"wp-block-genesis-blocks-gb-column gb-block-layout-column\"><div class=\"gb-block-layout-column-inner\"><div class=\"wp-block-image\">\n<figure class=\"aligncenter size-full is-resized\"><img loading=\"lazy\" decoding=\"async\" width=\"150\" height=\"150\" src=\"https:\/\/bigbenidiomes.com\/wp-content\/uploads\/2023\/03\/Group-21.png\" alt=\"\" class=\"wp-image-166\" style=\"width:113px;height:113px\" srcset=\"https:\/\/bigbenidiomes.com\/wp-content\/uploads\/2023\/03\/Group-21.png 150w, https:\/\/bigbenidiomes.com\/wp-content\/uploads\/2023\/03\/Group-21-80x80.png 80w\" sizes=\"auto, (max-width: 150px) 100vw, 150px\" \/><\/figure>\n<\/div>\n\n\n<p class=\"has-text-align-center icon-text\">EXPECIALISTAS EN EX\u00c1MENES OFICIALES<\/p>\n<\/div><\/div>\n\n\n\n<div class=\"wp-block-genesis-blocks-gb-column gb-block-layout-column\"><div class=\"gb-block-layout-column-inner\"><div class=\"wp-block-image\">\n<figure class=\"aligncenter size-full is-resized\"><img loading=\"lazy\" decoding=\"async\" width=\"150\" height=\"150\" src=\"https:\/\/bigbenidiomes.com\/wp-content\/uploads\/2023\/03\/Group-22.png\" alt=\"\" class=\"wp-image-167\" style=\"width:113px;height:113px\" srcset=\"https:\/\/bigbenidiomes.com\/wp-content\/uploads\/2023\/03\/Group-22.png 150w, https:\/\/bigbenidiomes.com\/wp-content\/uploads\/2023\/03\/Group-22-80x80.png 80w\" sizes=\"auto, (max-width: 150px) 100vw, 150px\" \/><\/figure>\n<\/div>\n\n\n<p class=\"has-text-align-center icon-text\">CENTRO ACREDITADO PREPARADOR CAMBRIDGE EXAMS<\/p>\n<\/div><\/div>\n\n\n\n<div class=\"wp-block-genesis-blocks-gb-column gb-block-layout-column\"><div class=\"gb-block-layout-column-inner\"><div class=\"wp-block-image\">\n<figure class=\"aligncenter size-full is-resized\"><img loading=\"lazy\" decoding=\"async\" width=\"150\" height=\"150\" src=\"https:\/\/bigbenidiomes.com\/wp-content\/uploads\/2023\/03\/Group-23.png\" alt=\"\" class=\"wp-image-168\" style=\"width:113px;height:113px\" srcset=\"https:\/\/bigbenidiomes.com\/wp-content\/uploads\/2023\/03\/Group-23.png 150w, https:\/\/bigbenidiomes.com\/wp-content\/uploads\/2023\/03\/Group-23-80x80.png 80w\" sizes=\"auto, (max-width: 150px) 100vw, 150px\" \/><\/figure>\n<\/div>\n\n\n<p class=\"has-text-align-center icon-text\">EVALUACIONES DE PROGRESO<\/p>\n<\/div><\/div>\n<\/div><\/div>\n<\/div><\/div>\n<\/div><\/div>\n\n\n\n<div style=\"color:#ddd\" class=\"wp-block-genesis-blocks-gb-spacer hr-nens gb-block-spacer gb-divider-solid gb-divider-size-1\"><hr style=\"height:30px\"\/><\/div>\n\n\n\n<div class=\"wp-block-media-text is-stacked-on-mobile is-image-fill-element texto-block\"><figure class=\"wp-block-media-text__media\"><img loading=\"lazy\" decoding=\"async\" width=\"870\" height=\"597\" src=\"https:\/\/bigbenidiomes.com\/wp-content\/uploads\/2023\/03\/Group-46.png\" alt=\"\" class=\"wp-image-144 size-full\" style=\"object-position:50% 50%\" srcset=\"https:\/\/bigbenidiomes.com\/wp-content\/uploads\/2023\/03\/Group-46.png 870w, https:\/\/bigbenidiomes.com\/wp-content\/uploads\/2023\/03\/Group-46-300x206.png 300w, https:\/\/bigbenidiomes.com\/wp-content\/uploads\/2023\/03\/Group-46-768x527.png 768w\" sizes=\"auto, (max-width: 870px) 100vw, 870px\" \/><\/figure><div class=\"wp-block-media-text__content\">\n<h2 class=\"wp-block-heading has-text-color\" style=\"color:#ff005c\">NI\u00d1OS<\/h2>\n\n\n\n<p>Mientras los alumnos est\u00e1n en educaci\u00f3n infantil, nuestros cursos introducen el idioma a trav\u00e9s del <strong>juego<\/strong> fomentando la <strong>comprensi\u00f3n y expresi\u00f3n oral<\/strong>. Adem\u00e1s, el alumno dispone de un libro de texto totalmente actualizado para <strong>asegurar los objetivos<\/strong> del curso escolar. Una vez est\u00e1n en educaci\u00f3n primaria, nos adentramos en el <strong>aprendizaje estructurado<\/strong> del idioma aplicando el <strong>m\u00e9todo directo<\/strong> con el profesor y disponiendo de un libro de texto y uno de actividades. La ense\u00f1anza se basa en la <strong>pr\u00e1ctica<\/strong> de cuyas <strong>4 habilidades b\u00e1sicas<\/strong> se compone todo idioma: escuchar, entender, hablar y escribir.<\/p>\n<\/div><\/div>\n\n\n\n<div style=\"color:#ddd\" class=\"wp-block-genesis-blocks-gb-spacer gb-block-spacer gb-divider-solid gb-divider-size-1\"><hr style=\"height:30px\"\/><\/div>\n\n\n\n<div class=\"wp-block-media-text has-media-on-the-right is-stacked-on-mobile texto-block\"><div class=\"wp-block-media-text__content\">\n<h2 class=\"wp-block-heading has-text-color\" style=\"color:#35bcc5\">J\u00d3VENES<\/h2>\n\n\n\n<p class=\"texto-block\">En esta franja de edad, los alumnos entran en el proceso de familiarizarse con profundidad con la lengua y alcanzar el nivel necesario para aprobar los primeros ex\u00e1menes oficiales relevantes para su futuro. Por ello, en estas edades aumentan las horas de clase por semana, incrementando as\u00ed el tiempo de inmersi\u00f3n ling\u00fc\u00edstica en las diferentes \u00e1reas de aprendizaje: gram\u00e1tica, vocabulario, expresi\u00f3n y comprensi\u00f3n tanto oral como escrita.<\/p>\n<\/div><figure class=\"wp-block-media-text__media\"><img loading=\"lazy\" decoding=\"async\" width=\"757\" height=\"575\" src=\"https:\/\/bigbenidiomes.com\/wp-content\/uploads\/2023\/03\/Group-14.jpg\" alt=\"\" class=\"wp-image-149 size-full\" srcset=\"https:\/\/bigbenidiomes.com\/wp-content\/uploads\/2023\/03\/Group-14.jpg 757w, https:\/\/bigbenidiomes.com\/wp-content\/uploads\/2023\/03\/Group-14-300x228.jpg 300w\" sizes=\"auto, (max-width: 757px) 100vw, 757px\" \/><\/figure><\/div>\n\n\n\n<div style=\"color:#ddd\" class=\"wp-block-genesis-blocks-gb-spacer gb-block-spacer gb-divider-solid gb-divider-size-1\"><hr style=\"height:30px\"\/><\/div>\n\n\n\n<div class=\"wp-block-media-text is-stacked-on-mobile texto-block\"><figure class=\"wp-block-media-text__media\"><img loading=\"lazy\" decoding=\"async\" width=\"796\" height=\"587\" src=\"https:\/\/bigbenidiomes.com\/wp-content\/uploads\/2023\/03\/2-14.png\" alt=\"\" class=\"wp-image-379 size-full\" srcset=\"https:\/\/bigbenidiomes.com\/wp-content\/uploads\/2023\/03\/2-14.png 796w, https:\/\/bigbenidiomes.com\/wp-content\/uploads\/2023\/03\/2-14-300x221.png 300w, https:\/\/bigbenidiomes.com\/wp-content\/uploads\/2023\/03\/2-14-768x566.png 768w\" sizes=\"auto, (max-width: 796px) 100vw, 796px\" \/><\/figure><div class=\"wp-block-media-text__content\">\n<h2 class=\"wp-block-heading has-text-color\" style=\"color:#5402b8\">ADULTOS<\/h2>\n\n\n\n<p class=\"texto-block\">\u00a1Invierte en tu futuro! Te acompa\u00f1amos en la consecuci\u00f3n de tu meta personal o profesional con nuestro equipo de profesorado nativo. Ofrecemos grupos est\u00e1ndar muy reducidos, con libros y recursos digitales que cubren las cuatro \u00e1reas de aprendizaje o si tu objetivo es mejorar la fluidez oral, tambi\u00e9n puedes unirte a nuestros grupos de conversaci\u00f3n.<\/p>\n<\/div><\/div>\n\n\n\n<div style=\"height:50px\" aria-hidden=\"true\" class=\"wp-block-spacer\"><\/div>\n\n\n\n<hr class=\"wp-block-separator has-text-color has-cyan-bluish-gray-color has-alpha-channel-opacity has-cyan-bluish-gray-background-color has-background is-style-wide\"\/>\n\n\n\n<div class=\"wp-block-genesis-blocks-gb-container alignwide gb-block-container\"><div class=\"gb-container-inside\"><div class=\"gb-container-content\">\n<div id=\"contacte\">\n<h2>Contacta<\/h2>\n<span id=\"vine\">\u00a1Ven a hacer la prueba de nivel gratuita y sin compromiso!<\/span><br\/>Puedes contactarnos por tel\u00e9fono, e-mail y whatsapp (n\u00famero s\u00f3lo para mensajes)<br\/><span style=\"font-weight:bold;\">Tel\u00e9fono:<\/span> <a href=\"+tel:+34933218573\">(+34) 933 218 573<\/a><br\/><span style=\"font-weight:bold;\">e-mail:<\/span> <a href=\"mailto:%20info@bigbenidiomes.com\">info@bigbenidiomes.com<\/a><br\/><span style=\"font-weight:bold;\">Direcci\u00f3n secretar\u00eda:<\/span> Plaza Comas, 15 entresuelo 08028 Barcelona<br\/><\/div>\n<\/div><\/div><\/div>\n\n\n\n<p><strong>BIG BEN IDIOMAS IMPARTE CLASES A 2 CENTROS, todos muy cerca de la central de Plaza Comas.<\/strong><\/p>\n\n\n\n<div class=\"wp-block-columns is-layout-flex wp-container-core-columns-is-layout-9d6595d7 wp-block-columns-is-layout-flex\">\n<div class=\"wp-block-column is-layout-flow wp-block-column-is-layout-flow\" style=\"flex-basis:100%\">\n<div class=\"wp-block-genesis-blocks-gb-columns gb-layout-columns-3 gb-3-col-equal aligncenter\" style=\"margin-top:30px\"><div class=\"gb-layout-column-wrap gb-block-layout-column-gap-2 gb-is-responsive-column\">\n<div class=\"wp-block-genesis-blocks-gb-column gb-block-layout-column\"><div class=\"gb-block-layout-column-inner\">\n\n<\/div><\/div>\n\n\n\n<div class=\"wp-block-genesis-blocks-gb-column gb-block-layout-column\"><div class=\"gb-block-layout-column-inner\">\n<figure class=\"wp-block-image size-full\"><a href=\"https:\/\/goo.gl\/maps\/aAD7i8YcZP5kAWV96\"><img loading=\"lazy\" decoding=\"async\" width=\"301\" height=\"302\" src=\"https:\/\/bigbenidiomes.com\/wp-content\/uploads\/2023\/03\/FireShot-Capture-041-Big-Ben-Idiomes-Google-Maps-www.google.com_.png\" alt=\"\" class=\"wp-image-192\" srcset=\"https:\/\/bigbenidiomes.com\/wp-content\/uploads\/2023\/03\/FireShot-Capture-041-Big-Ben-Idiomes-Google-Maps-www.google.com_.png 301w, https:\/\/bigbenidiomes.com\/wp-content\/uploads\/2023\/03\/FireShot-Capture-041-Big-Ben-Idiomes-Google-Maps-www.google.com_-300x300.png 300w, https:\/\/bigbenidiomes.com\/wp-content\/uploads\/2023\/03\/FireShot-Capture-041-Big-Ben-Idiomes-Google-Maps-www.google.com_-150x150.png 150w, https:\/\/bigbenidiomes.com\/wp-content\/uploads\/2023\/03\/FireShot-Capture-041-Big-Ben-Idiomes-Google-Maps-www.google.com_-80x80.png 80w\" sizes=\"auto, (max-width: 301px) 100vw, 301px\" \/><\/a><figcaption class=\"wp-element-caption\">Pla\u00e7a Comas 15, Entresuelo<br>Tel\u00e9fono: (+34) 933 218 573<\/figcaption><\/figure>\n<\/div><\/div>\n\n\n\n<div class=\"wp-block-genesis-blocks-gb-column gb-block-layout-column\"><div class=\"gb-block-layout-column-inner\">\n\n<\/div><\/div>\n<\/div><\/div>\n<\/div>\n<\/div>\n\n\n\n<div class=\"wp-block-genesis-blocks-gb-container alignwide gb-block-container\"><div class=\"gb-container-inside\"><div class=\"gb-container-content\">\n<div id=\"horari\">\n<h3 style=\"font-weight:bold;\">Horario <\/h3>\n<p>Lunes 16:00 &#8211; 19:00 <\/p>\n<p>Martes 16:00 &#8211; 19:00 <\/p>\n<p>Miercoles 16:00 &#8211; 17:30 y 18:30 &#8211; 20:00 <\/p>\n<p>Jueves 16:00 &#8211; 19:00 <\/p>\n<\/p><p>Viernes: 15:30 &#8211; 19:00h<\/p>\n<\/div>\n<\/div><\/div><\/div>\n\n\n\n\n","protected":false},"excerpt":{"rendered":"<p>Desde 1977 impulsando el aprendizaje de idiomas para ni\u00f1os, j\u00f3venes y adultos en el barrio de les Corts NI\u00d1OS Mientras los alumnos est\u00e1n en educaci\u00f3n infantil, nuestros cursos introducen el idioma a trav\u00e9s del juego fomentando la comprensi\u00f3n y expresi\u00f3n oral. Adem\u00e1s, el alumno dispone de un libro de texto totalmente actualizado para asegurar los &hellip;<\/p>\n","protected":false},"author":1,"featured_media":0,"parent":0,"menu_order":0,"comment_status":"closed","ping_status":"closed","template":"","meta":{"_genesis_hide_title":false,"_genesis_hide_breadcrumbs":false,"_genesis_hide_singular_image":false,"_genesis_hide_footer_widgets":false,"_genesis_custom_body_class":"","_genesis_custom_post_class":"","_genesis_layout":"","footnotes":""},"class_list":{"0":"post-1199","1":"page","2":"type-page","3":"status-publish","5":"entry"},"featured_image_src":null,"featured_image_src_square":null,"_links":{"self":[{"href":"https:\/\/bigbenidiomes.com\/es\/wp-json\/wp\/v2\/pages\/1199","targetHints":{"allow":["GET"]}}],"collection":[{"href":"https:\/\/bigbenidiomes.com\/es\/wp-json\/wp\/v2\/pages"}],"about":[{"href":"https:\/\/bigbenidiomes.com\/es\/wp-json\/wp\/v2\/types\/page"}],"author":[{"embeddable":true,"href":"https:\/\/bigbenidiomes.com\/es\/wp-json\/wp\/v2\/users\/1"}],"replies":[{"embeddable":true,"href":"https:\/\/bigbenidiomes.com\/es\/wp-json\/wp\/v2\/comments?post=1199"}],"version-history":[{"count":29,"href":"https:\/\/bigbenidiomes.com\/es\/wp-json\/wp\/v2\/pages\/1199\/revisions"}],"predecessor-version":[{"id":2129,"href":"https:\/\/bigbenidiomes.com\/es\/wp-json\/wp\/v2\/pages\/1199\/revisions\/2129"}],"wp:attachment":[{"href":"https:\/\/bigbenidiomes.com\/es\/wp-json\/wp\/v2\/media?parent=1199"}],"curies":[{"name":"wp","href":"https:\/\/api.w.org\/{rel}","templated":true}]}}