{"id":1785,"date":"2023-05-05T07:21:30","date_gmt":"2023-05-05T07:21:30","guid":{"rendered":"https:\/\/bigbenidiomes.com\/galeria-de-fotos\/"},"modified":"2023-09-08T14:39:17","modified_gmt":"2023-09-08T14:39:17","slug":"galeria-de-fotos","status":"publish","type":"page","link":"https:\/\/bigbenidiomes.com\/es\/galeria-de-fotos\/","title":{"rendered":"Galer\u00eda de fotos"},"content":{"rendered":"\n<h2 class=\"wp-block-heading\">Galer\u00eda de im\u00e1genes Big Ben Idiomes<\/h2>\n\n<figure class=\"wp-block-gallery has-nested-images columns-3 is-cropped wp-block-gallery-1 is-layout-flex wp-block-gallery-is-layout-flex\">\n<figure class=\"wp-block-image size-full\"><a href=\"https:\/\/bigbenidiomes.com\/wp-content\/uploads\/2023\/05\/DSC_6066-scaled.jpg\"><img loading=\"lazy\" decoding=\"async\" width=\"2560\" height=\"1709\" data-id=\"1746\" src=\"https:\/\/bigbenidiomes.com\/wp-content\/uploads\/2023\/05\/DSC_6066-scaled.jpg\" alt=\"\" class=\"wp-image-1746\" srcset=\"https:\/\/bigbenidiomes.com\/wp-content\/uploads\/2023\/05\/DSC_6066-scaled.jpg 2560w, https:\/\/bigbenidiomes.com\/wp-content\/uploads\/2023\/05\/DSC_6066-300x200.jpg 300w, https:\/\/bigbenidiomes.com\/wp-content\/uploads\/2023\/05\/DSC_6066-1024x683.jpg 1024w, https:\/\/bigbenidiomes.com\/wp-content\/uploads\/2023\/05\/DSC_6066-768x513.jpg 768w, https:\/\/bigbenidiomes.com\/wp-content\/uploads\/2023\/05\/DSC_6066-1536x1025.jpg 1536w, https:\/\/bigbenidiomes.com\/wp-content\/uploads\/2023\/05\/DSC_6066-2048x1367.jpg 2048w, https:\/\/bigbenidiomes.com\/wp-content\/uploads\/2023\/05\/DSC_6066-1248x832.jpg 1248w, https:\/\/bigbenidiomes.com\/wp-content\/uploads\/2023\/05\/DSC_6066-600x400.jpg 600w, https:\/\/bigbenidiomes.com\/wp-content\/uploads\/2023\/05\/DSC_6066-1600x1068.jpg 1600w, https:\/\/bigbenidiomes.com\/wp-content\/uploads\/2023\/05\/DSC_6066-2200x1468.jpg 2200w\" sizes=\"auto, (max-width: 2560px) 100vw, 2560px\" \/><\/a><\/figure>\n\n\n\n<figure class=\"wp-block-image size-full\"><a href=\"https:\/\/bigbenidiomes.com\/wp-content\/uploads\/2023\/05\/DSC_6108-scaled.jpg\"><img loading=\"lazy\" decoding=\"async\" width=\"2560\" height=\"1709\" data-id=\"1751\" src=\"https:\/\/bigbenidiomes.com\/wp-content\/uploads\/2023\/05\/DSC_6108-scaled.jpg\" alt=\"\" class=\"wp-image-1751\" srcset=\"https:\/\/bigbenidiomes.com\/wp-content\/uploads\/2023\/05\/DSC_6108-scaled.jpg 2560w, https:\/\/bigbenidiomes.com\/wp-content\/uploads\/2023\/05\/DSC_6108-300x200.jpg 300w, https:\/\/bigbenidiomes.com\/wp-content\/uploads\/2023\/05\/DSC_6108-1024x683.jpg 1024w, https:\/\/bigbenidiomes.com\/wp-content\/uploads\/2023\/05\/DSC_6108-768x513.jpg 768w, https:\/\/bigbenidiomes.com\/wp-content\/uploads\/2023\/05\/DSC_6108-1536x1025.jpg 1536w, https:\/\/bigbenidiomes.com\/wp-content\/uploads\/2023\/05\/DSC_6108-2048x1367.jpg 2048w, https:\/\/bigbenidiomes.com\/wp-content\/uploads\/2023\/05\/DSC_6108-1248x832.jpg 1248w, https:\/\/bigbenidiomes.com\/wp-content\/uploads\/2023\/05\/DSC_6108-600x400.jpg 600w, https:\/\/bigbenidiomes.com\/wp-content\/uploads\/2023\/05\/DSC_6108-1600x1068.jpg 1600w, https:\/\/bigbenidiomes.com\/wp-content\/uploads\/2023\/05\/DSC_6108-2200x1468.jpg 2200w\" sizes=\"auto, (max-width: 2560px) 100vw, 2560px\" \/><\/a><\/figure>\n\n\n\n<figure class=\"wp-block-image size-full\"><a href=\"https:\/\/bigbenidiomes.com\/wp-content\/uploads\/2023\/05\/DSC_6127-scaled.jpg\"><img loading=\"lazy\" decoding=\"async\" width=\"2560\" height=\"1709\" data-id=\"1741\" src=\"https:\/\/bigbenidiomes.com\/wp-content\/uploads\/2023\/05\/DSC_6127-scaled.jpg\" alt=\"\" class=\"wp-image-1741\" srcset=\"https:\/\/bigbenidiomes.com\/wp-content\/uploads\/2023\/05\/DSC_6127-scaled.jpg 2560w, https:\/\/bigbenidiomes.com\/wp-content\/uploads\/2023\/05\/DSC_6127-300x200.jpg 300w, https:\/\/bigbenidiomes.com\/wp-content\/uploads\/2023\/05\/DSC_6127-1024x683.jpg 1024w, https:\/\/bigbenidiomes.com\/wp-content\/uploads\/2023\/05\/DSC_6127-768x513.jpg 768w, https:\/\/bigbenidiomes.com\/wp-content\/uploads\/2023\/05\/DSC_6127-1536x1025.jpg 1536w, https:\/\/bigbenidiomes.com\/wp-content\/uploads\/2023\/05\/DSC_6127-2048x1367.jpg 2048w, https:\/\/bigbenidiomes.com\/wp-content\/uploads\/2023\/05\/DSC_6127-1248x832.jpg 1248w, https:\/\/bigbenidiomes.com\/wp-content\/uploads\/2023\/05\/DSC_6127-600x400.jpg 600w, https:\/\/bigbenidiomes.com\/wp-content\/uploads\/2023\/05\/DSC_6127-1600x1068.jpg 1600w, https:\/\/bigbenidiomes.com\/wp-content\/uploads\/2023\/05\/DSC_6127-2200x1468.jpg 2200w\" sizes=\"auto, (max-width: 2560px) 100vw, 2560px\" \/><\/a><\/figure>\n\n\n\n<figure class=\"wp-block-image size-full\"><a href=\"https:\/\/bigbenidiomes.com\/wp-content\/uploads\/2023\/05\/DSC_6135-scaled.jpg\"><img loading=\"lazy\" decoding=\"async\" width=\"2560\" height=\"1709\" data-id=\"1745\" src=\"https:\/\/bigbenidiomes.com\/wp-content\/uploads\/2023\/05\/DSC_6135-scaled.jpg\" alt=\"\" class=\"wp-image-1745\" srcset=\"https:\/\/bigbenidiomes.com\/wp-content\/uploads\/2023\/05\/DSC_6135-scaled.jpg 2560w, https:\/\/bigbenidiomes.com\/wp-content\/uploads\/2023\/05\/DSC_6135-300x200.jpg 300w, https:\/\/bigbenidiomes.com\/wp-content\/uploads\/2023\/05\/DSC_6135-1024x683.jpg 1024w, https:\/\/bigbenidiomes.com\/wp-content\/uploads\/2023\/05\/DSC_6135-768x513.jpg 768w, https:\/\/bigbenidiomes.com\/wp-content\/uploads\/2023\/05\/DSC_6135-1536x1025.jpg 1536w, https:\/\/bigbenidiomes.com\/wp-content\/uploads\/2023\/05\/DSC_6135-2048x1367.jpg 2048w, https:\/\/bigbenidiomes.com\/wp-content\/uploads\/2023\/05\/DSC_6135-1248x832.jpg 1248w, https:\/\/bigbenidiomes.com\/wp-content\/uploads\/2023\/05\/DSC_6135-600x400.jpg 600w, https:\/\/bigbenidiomes.com\/wp-content\/uploads\/2023\/05\/DSC_6135-1600x1068.jpg 1600w, https:\/\/bigbenidiomes.com\/wp-content\/uploads\/2023\/05\/DSC_6135-2200x1468.jpg 2200w\" sizes=\"auto, (max-width: 2560px) 100vw, 2560px\" \/><\/a><\/figure>\n\n\n\n<figure class=\"wp-block-image size-full\"><a href=\"https:\/\/bigbenidiomes.com\/wp-content\/uploads\/2023\/05\/DSC_6185-scaled.jpg\"><img loading=\"lazy\" decoding=\"async\" width=\"2560\" height=\"1709\" data-id=\"1749\" src=\"https:\/\/bigbenidiomes.com\/wp-content\/uploads\/2023\/05\/DSC_6185-scaled.jpg\" alt=\"\" class=\"wp-image-1749\" srcset=\"https:\/\/bigbenidiomes.com\/wp-content\/uploads\/2023\/05\/DSC_6185-scaled.jpg 2560w, https:\/\/bigbenidiomes.com\/wp-content\/uploads\/2023\/05\/DSC_6185-300x200.jpg 300w, https:\/\/bigbenidiomes.com\/wp-content\/uploads\/2023\/05\/DSC_6185-1024x683.jpg 1024w, https:\/\/bigbenidiomes.com\/wp-content\/uploads\/2023\/05\/DSC_6185-768x513.jpg 768w, https:\/\/bigbenidiomes.com\/wp-content\/uploads\/2023\/05\/DSC_6185-1536x1025.jpg 1536w, https:\/\/bigbenidiomes.com\/wp-content\/uploads\/2023\/05\/DSC_6185-2048x1367.jpg 2048w, https:\/\/bigbenidiomes.com\/wp-content\/uploads\/2023\/05\/DSC_6185-1248x832.jpg 1248w, https:\/\/bigbenidiomes.com\/wp-content\/uploads\/2023\/05\/DSC_6185-600x400.jpg 600w, https:\/\/bigbenidiomes.com\/wp-content\/uploads\/2023\/05\/DSC_6185-1600x1068.jpg 1600w, https:\/\/bigbenidiomes.com\/wp-content\/uploads\/2023\/05\/DSC_6185-2200x1468.jpg 2200w\" sizes=\"auto, (max-width: 2560px) 100vw, 2560px\" \/><\/a><\/figure>\n\n\n\n<figure class=\"wp-block-image size-full\"><a href=\"https:\/\/bigbenidiomes.com\/wp-content\/uploads\/2023\/05\/DSC_6192-scaled.jpg\"><img loading=\"lazy\" decoding=\"async\" width=\"2560\" height=\"1709\" data-id=\"1743\" src=\"https:\/\/bigbenidiomes.com\/wp-content\/uploads\/2023\/05\/DSC_6192-scaled.jpg\" alt=\"\" class=\"wp-image-1743\" srcset=\"https:\/\/bigbenidiomes.com\/wp-content\/uploads\/2023\/05\/DSC_6192-scaled.jpg 2560w, https:\/\/bigbenidiomes.com\/wp-content\/uploads\/2023\/05\/DSC_6192-300x200.jpg 300w, https:\/\/bigbenidiomes.com\/wp-content\/uploads\/2023\/05\/DSC_6192-1024x683.jpg 1024w, https:\/\/bigbenidiomes.com\/wp-content\/uploads\/2023\/05\/DSC_6192-768x513.jpg 768w, https:\/\/bigbenidiomes.com\/wp-content\/uploads\/2023\/05\/DSC_6192-1536x1025.jpg 1536w, https:\/\/bigbenidiomes.com\/wp-content\/uploads\/2023\/05\/DSC_6192-2048x1367.jpg 2048w, https:\/\/bigbenidiomes.com\/wp-content\/uploads\/2023\/05\/DSC_6192-1248x832.jpg 1248w, https:\/\/bigbenidiomes.com\/wp-content\/uploads\/2023\/05\/DSC_6192-600x400.jpg 600w, https:\/\/bigbenidiomes.com\/wp-content\/uploads\/2023\/05\/DSC_6192-1600x1068.jpg 1600w, https:\/\/bigbenidiomes.com\/wp-content\/uploads\/2023\/05\/DSC_6192-2200x1468.jpg 2200w\" sizes=\"auto, (max-width: 2560px) 100vw, 2560px\" \/><\/a><\/figure>\n\n\n\n<figure class=\"wp-block-image size-full\"><a href=\"https:\/\/bigbenidiomes.com\/wp-content\/uploads\/2023\/05\/DSC_7409-scaled.jpg\"><img loading=\"lazy\" decoding=\"async\" width=\"2560\" height=\"1709\" data-id=\"1754\" src=\"https:\/\/bigbenidiomes.com\/wp-content\/uploads\/2023\/05\/DSC_7409-scaled.jpg\" alt=\"\" class=\"wp-image-1754\" srcset=\"https:\/\/bigbenidiomes.com\/wp-content\/uploads\/2023\/05\/DSC_7409-scaled.jpg 2560w, https:\/\/bigbenidiomes.com\/wp-content\/uploads\/2023\/05\/DSC_7409-300x200.jpg 300w, https:\/\/bigbenidiomes.com\/wp-content\/uploads\/2023\/05\/DSC_7409-1024x683.jpg 1024w, https:\/\/bigbenidiomes.com\/wp-content\/uploads\/2023\/05\/DSC_7409-768x513.jpg 768w, https:\/\/bigbenidiomes.com\/wp-content\/uploads\/2023\/05\/DSC_7409-1536x1025.jpg 1536w, https:\/\/bigbenidiomes.com\/wp-content\/uploads\/2023\/05\/DSC_7409-2048x1367.jpg 2048w, https:\/\/bigbenidiomes.com\/wp-content\/uploads\/2023\/05\/DSC_7409-1248x832.jpg 1248w, https:\/\/bigbenidiomes.com\/wp-content\/uploads\/2023\/05\/DSC_7409-600x400.jpg 600w, https:\/\/bigbenidiomes.com\/wp-content\/uploads\/2023\/05\/DSC_7409-1600x1068.jpg 1600w, https:\/\/bigbenidiomes.com\/wp-content\/uploads\/2023\/05\/DSC_7409-2200x1468.jpg 2200w\" sizes=\"auto, (max-width: 2560px) 100vw, 2560px\" \/><\/a><\/figure>\n\n\n\n<figure class=\"wp-block-image size-full\"><a href=\"https:\/\/bigbenidiomes.com\/wp-content\/uploads\/2023\/05\/DSC_7413-scaled.jpg\"><img loading=\"lazy\" decoding=\"async\" width=\"2560\" height=\"1709\" data-id=\"1758\" src=\"https:\/\/bigbenidiomes.com\/wp-content\/uploads\/2023\/05\/DSC_7413-scaled.jpg\" alt=\"\" class=\"wp-image-1758\" srcset=\"https:\/\/bigbenidiomes.com\/wp-content\/uploads\/2023\/05\/DSC_7413-scaled.jpg 2560w, https:\/\/bigbenidiomes.com\/wp-content\/uploads\/2023\/05\/DSC_7413-300x200.jpg 300w, https:\/\/bigbenidiomes.com\/wp-content\/uploads\/2023\/05\/DSC_7413-1024x683.jpg 1024w, https:\/\/bigbenidiomes.com\/wp-content\/uploads\/2023\/05\/DSC_7413-768x513.jpg 768w, https:\/\/bigbenidiomes.com\/wp-content\/uploads\/2023\/05\/DSC_7413-1536x1025.jpg 1536w, https:\/\/bigbenidiomes.com\/wp-content\/uploads\/2023\/05\/DSC_7413-2048x1367.jpg 2048w, https:\/\/bigbenidiomes.com\/wp-content\/uploads\/2023\/05\/DSC_7413-1248x832.jpg 1248w, https:\/\/bigbenidiomes.com\/wp-content\/uploads\/2023\/05\/DSC_7413-600x400.jpg 600w, https:\/\/bigbenidiomes.com\/wp-content\/uploads\/2023\/05\/DSC_7413-1600x1068.jpg 1600w, https:\/\/bigbenidiomes.com\/wp-content\/uploads\/2023\/05\/DSC_7413-2200x1468.jpg 2200w\" sizes=\"auto, (max-width: 2560px) 100vw, 2560px\" \/><\/a><\/figure>\n\n\n\n<figure class=\"wp-block-image size-full\"><a href=\"https:\/\/bigbenidiomes.com\/wp-content\/uploads\/2023\/05\/DSC_7477-scaled.jpg\"><img loading=\"lazy\" decoding=\"async\" width=\"2560\" height=\"1709\" data-id=\"1760\" src=\"https:\/\/bigbenidiomes.com\/wp-content\/uploads\/2023\/05\/DSC_7477-scaled.jpg\" alt=\"\" class=\"wp-image-1760\" srcset=\"https:\/\/bigbenidiomes.com\/wp-content\/uploads\/2023\/05\/DSC_7477-scaled.jpg 2560w, https:\/\/bigbenidiomes.com\/wp-content\/uploads\/2023\/05\/DSC_7477-300x200.jpg 300w, https:\/\/bigbenidiomes.com\/wp-content\/uploads\/2023\/05\/DSC_7477-1024x683.jpg 1024w, https:\/\/bigbenidiomes.com\/wp-content\/uploads\/2023\/05\/DSC_7477-768x513.jpg 768w, https:\/\/bigbenidiomes.com\/wp-content\/uploads\/2023\/05\/DSC_7477-1536x1025.jpg 1536w, https:\/\/bigbenidiomes.com\/wp-content\/uploads\/2023\/05\/DSC_7477-2048x1367.jpg 2048w, https:\/\/bigbenidiomes.com\/wp-content\/uploads\/2023\/05\/DSC_7477-1248x832.jpg 1248w, https:\/\/bigbenidiomes.com\/wp-content\/uploads\/2023\/05\/DSC_7477-600x400.jpg 600w, https:\/\/bigbenidiomes.com\/wp-content\/uploads\/2023\/05\/DSC_7477-1600x1068.jpg 1600w, https:\/\/bigbenidiomes.com\/wp-content\/uploads\/2023\/05\/DSC_7477-2200x1468.jpg 2200w\" sizes=\"auto, (max-width: 2560px) 100vw, 2560px\" \/><\/a><\/figure>\n\n\n\n<figure class=\"wp-block-image size-full\"><a href=\"https:\/\/bigbenidiomes.com\/wp-content\/uploads\/2023\/05\/DSC_7500-scaled.jpg\"><img loading=\"lazy\" decoding=\"async\" width=\"2560\" height=\"1709\" data-id=\"1755\" src=\"https:\/\/bigbenidiomes.com\/wp-content\/uploads\/2023\/05\/DSC_7500-scaled.jpg\" alt=\"\" class=\"wp-image-1755\" srcset=\"https:\/\/bigbenidiomes.com\/wp-content\/uploads\/2023\/05\/DSC_7500-scaled.jpg 2560w, https:\/\/bigbenidiomes.com\/wp-content\/uploads\/2023\/05\/DSC_7500-300x200.jpg 300w, https:\/\/bigbenidiomes.com\/wp-content\/uploads\/2023\/05\/DSC_7500-1024x683.jpg 1024w, https:\/\/bigbenidiomes.com\/wp-content\/uploads\/2023\/05\/DSC_7500-768x513.jpg 768w, https:\/\/bigbenidiomes.com\/wp-content\/uploads\/2023\/05\/DSC_7500-1536x1025.jpg 1536w, https:\/\/bigbenidiomes.com\/wp-content\/uploads\/2023\/05\/DSC_7500-2048x1367.jpg 2048w, https:\/\/bigbenidiomes.com\/wp-content\/uploads\/2023\/05\/DSC_7500-1248x832.jpg 1248w, https:\/\/bigbenidiomes.com\/wp-content\/uploads\/2023\/05\/DSC_7500-600x400.jpg 600w, https:\/\/bigbenidiomes.com\/wp-content\/uploads\/2023\/05\/DSC_7500-1600x1068.jpg 1600w, https:\/\/bigbenidiomes.com\/wp-content\/uploads\/2023\/05\/DSC_7500-2200x1468.jpg 2200w\" sizes=\"auto, (max-width: 2560px) 100vw, 2560px\" \/><\/a><\/figure>\n\n\n\n<figure class=\"wp-block-image size-full\"><a href=\"https:\/\/bigbenidiomes.com\/wp-content\/uploads\/2023\/05\/IMG-20220705-WA0021.jpg\"><img loading=\"lazy\" decoding=\"async\" width=\"1024\" height=\"768\" data-id=\"1766\" src=\"https:\/\/bigbenidiomes.com\/wp-content\/uploads\/2023\/05\/IMG-20220705-WA0021.jpg\" alt=\"\" class=\"wp-image-1766\" srcset=\"https:\/\/bigbenidiomes.com\/wp-content\/uploads\/2023\/05\/IMG-20220705-WA0021.jpg 1024w, https:\/\/bigbenidiomes.com\/wp-content\/uploads\/2023\/05\/IMG-20220705-WA0021-300x225.jpg 300w, https:\/\/bigbenidiomes.com\/wp-content\/uploads\/2023\/05\/IMG-20220705-WA0021-768x576.jpg 768w, https:\/\/bigbenidiomes.com\/wp-content\/uploads\/2023\/05\/IMG-20220705-WA0021-800x600.jpg 800w, https:\/\/bigbenidiomes.com\/wp-content\/uploads\/2023\/05\/IMG-20220705-WA0021-550x413.jpg 550w, https:\/\/bigbenidiomes.com\/wp-content\/uploads\/2023\/05\/IMG-20220705-WA0021-350x263.jpg 350w, https:\/\/bigbenidiomes.com\/wp-content\/uploads\/2023\/05\/IMG-20220705-WA0021-260x195.jpg 260w\" sizes=\"auto, (max-width: 1024px) 100vw, 1024px\" \/><\/a><\/figure>\n\n\n\n<figure class=\"wp-block-image size-full\"><a href=\"https:\/\/bigbenidiomes.com\/wp-content\/uploads\/2023\/05\/WhatsApp-Image-2022-07-05-at-12.51.22-PM.jpeg\"><img loading=\"lazy\" decoding=\"async\" width=\"1599\" height=\"719\" data-id=\"1769\" src=\"https:\/\/bigbenidiomes.com\/wp-content\/uploads\/2023\/05\/WhatsApp-Image-2022-07-05-at-12.51.22-PM.jpeg\" alt=\"\" class=\"wp-image-1769\" srcset=\"https:\/\/bigbenidiomes.com\/wp-content\/uploads\/2023\/05\/WhatsApp-Image-2022-07-05-at-12.51.22-PM.jpeg 1599w, https:\/\/bigbenidiomes.com\/wp-content\/uploads\/2023\/05\/WhatsApp-Image-2022-07-05-at-12.51.22-PM-300x135.jpeg 300w, https:\/\/bigbenidiomes.com\/wp-content\/uploads\/2023\/05\/WhatsApp-Image-2022-07-05-at-12.51.22-PM-1024x460.jpeg 1024w, https:\/\/bigbenidiomes.com\/wp-content\/uploads\/2023\/05\/WhatsApp-Image-2022-07-05-at-12.51.22-PM-768x345.jpeg 768w, https:\/\/bigbenidiomes.com\/wp-content\/uploads\/2023\/05\/WhatsApp-Image-2022-07-05-at-12.51.22-PM-1536x691.jpeg 1536w\" sizes=\"auto, (max-width: 1599px) 100vw, 1599px\" \/><\/a><\/figure>\n\n\n\n<figure class=\"wp-block-image size-full\"><a href=\"https:\/\/bigbenidiomes.com\/wp-content\/uploads\/2023\/05\/WhatsApp-Image-2022-07-05-at-12.51.24-PM.jpeg\"><img loading=\"lazy\" decoding=\"async\" width=\"719\" height=\"1600\" data-id=\"1765\" src=\"https:\/\/bigbenidiomes.com\/wp-content\/uploads\/2023\/05\/WhatsApp-Image-2022-07-05-at-12.51.24-PM.jpeg\" alt=\"\" class=\"wp-image-1765\" srcset=\"https:\/\/bigbenidiomes.com\/wp-content\/uploads\/2023\/05\/WhatsApp-Image-2022-07-05-at-12.51.24-PM.jpeg 719w, https:\/\/bigbenidiomes.com\/wp-content\/uploads\/2023\/05\/WhatsApp-Image-2022-07-05-at-12.51.24-PM-135x300.jpeg 135w, https:\/\/bigbenidiomes.com\/wp-content\/uploads\/2023\/05\/WhatsApp-Image-2022-07-05-at-12.51.24-PM-460x1024.jpeg 460w, https:\/\/bigbenidiomes.com\/wp-content\/uploads\/2023\/05\/WhatsApp-Image-2022-07-05-at-12.51.24-PM-690x1536.jpeg 690w\" sizes=\"auto, (max-width: 719px) 100vw, 719px\" \/><\/a><\/figure>\n\n\n\n<figure class=\"wp-block-image size-large\"><img loading=\"lazy\" decoding=\"async\" width=\"1024\" height=\"576\" data-id=\"1763\" src=\"https:\/\/bigbenidiomes.com\/wp-content\/uploads\/2023\/05\/WhatsApp-Image-2022-07-05-at-12.51.26-PM-2-1024x576.jpeg\" alt=\"\" class=\"wp-image-1763\" srcset=\"https:\/\/bigbenidiomes.com\/wp-content\/uploads\/2023\/05\/WhatsApp-Image-2022-07-05-at-12.51.26-PM-2-1024x576.jpeg 1024w, https:\/\/bigbenidiomes.com\/wp-content\/uploads\/2023\/05\/WhatsApp-Image-2022-07-05-at-12.51.26-PM-2-300x169.jpeg 300w, https:\/\/bigbenidiomes.com\/wp-content\/uploads\/2023\/05\/WhatsApp-Image-2022-07-05-at-12.51.26-PM-2-768x432.jpeg 768w\" sizes=\"auto, (max-width: 1024px) 100vw, 1024px\" \/><\/figure>\n\n\n\n<figure class=\"wp-block-image size-full\"><a href=\"https:\/\/bigbenidiomes.com\/wp-content\/uploads\/2023\/05\/WhatsApp-Image-2022-07-11-at-12.41.22-PM.jpeg\"><img loading=\"lazy\" decoding=\"async\" width=\"2048\" height=\"920\" data-id=\"1762\" src=\"https:\/\/bigbenidiomes.com\/wp-content\/uploads\/2023\/05\/WhatsApp-Image-2022-07-11-at-12.41.22-PM.jpeg\" alt=\"\" class=\"wp-image-1762\" srcset=\"https:\/\/bigbenidiomes.com\/wp-content\/uploads\/2023\/05\/WhatsApp-Image-2022-07-11-at-12.41.22-PM.jpeg 2048w, https:\/\/bigbenidiomes.com\/wp-content\/uploads\/2023\/05\/WhatsApp-Image-2022-07-11-at-12.41.22-PM-300x135.jpeg 300w, https:\/\/bigbenidiomes.com\/wp-content\/uploads\/2023\/05\/WhatsApp-Image-2022-07-11-at-12.41.22-PM-1024x460.jpeg 1024w, https:\/\/bigbenidiomes.com\/wp-content\/uploads\/2023\/05\/WhatsApp-Image-2022-07-11-at-12.41.22-PM-768x345.jpeg 768w, https:\/\/bigbenidiomes.com\/wp-content\/uploads\/2023\/05\/WhatsApp-Image-2022-07-11-at-12.41.22-PM-1536x690.jpeg 1536w, https:\/\/bigbenidiomes.com\/wp-content\/uploads\/2023\/05\/WhatsApp-Image-2022-07-11-at-12.41.22-PM-1600x719.jpeg 1600w\" sizes=\"auto, (max-width: 2048px) 100vw, 2048px\" \/><\/a><\/figure>\n<\/figure>\n\n<div style=\"height:100px\" aria-hidden=\"true\" class=\"wp-block-spacer\"><\/div>\n\n<h2 class=\"wp-block-heading\">Y si nos quieres conocer un poco m\u00e1s, m\u00edra nuestro v\u00eddeo!<\/h2>\n\n<div style=\"height:32px\" aria-hidden=\"true\" class=\"wp-block-spacer\"><\/div>\n\n<figure class=\"wp-block-video\"><video height=\"480\" style=\"aspect-ratio: 848 \/ 480;\" width=\"848\" controls=\"\" src=\"https:\/\/bigbenidiomes.com\/wp-content\/uploads\/2023\/05\/VID-20190822-WA0000.mp4\"><\/video><\/figure>\n\n\n","protected":false},"excerpt":{"rendered":"<p>Galer\u00eda de im\u00e1genes Big Ben Idiomes Y si nos quieres conocer un poco m\u00e1s, m\u00edra nuestro v\u00eddeo!<\/p>\n","protected":false},"author":3,"featured_media":0,"parent":0,"menu_order":0,"comment_status":"closed","ping_status":"closed","template":"","meta":{"_genesis_hide_title":false,"_genesis_hide_breadcrumbs":false,"_genesis_hide_singular_image":false,"_genesis_hide_footer_widgets":false,"_genesis_custom_body_class":"","_genesis_custom_post_class":"","_genesis_layout":"","footnotes":""},"class_list":{"0":"post-1785","1":"page","2":"type-page","3":"status-publish","5":"entry"},"featured_image_src":null,"featured_image_src_square":null,"_links":{"self":[{"href":"https:\/\/bigbenidiomes.com\/es\/wp-json\/wp\/v2\/pages\/1785","targetHints":{"allow":["GET"]}}],"collection":[{"href":"https:\/\/bigbenidiomes.com\/es\/wp-json\/wp\/v2\/pages"}],"about":[{"href":"https:\/\/bigbenidiomes.com\/es\/wp-json\/wp\/v2\/types\/page"}],"author":[{"embeddable":true,"href":"https:\/\/bigbenidiomes.com\/es\/wp-json\/wp\/v2\/users\/3"}],"replies":[{"embeddable":true,"href":"https:\/\/bigbenidiomes.com\/es\/wp-json\/wp\/v2\/comments?post=1785"}],"version-history":[{"count":5,"href":"https:\/\/bigbenidiomes.com\/es\/wp-json\/wp\/v2\/pages\/1785\/revisions"}],"predecessor-version":[{"id":1837,"href":"https:\/\/bigbenidiomes.com\/es\/wp-json\/wp\/v2\/pages\/1785\/revisions\/1837"}],"wp:attachment":[{"href":"https:\/\/bigbenidiomes.com\/es\/wp-json\/wp\/v2\/media?parent=1785"}],"curies":[{"name":"wp","href":"https:\/\/api.w.org\/{rel}","templated":true}]}}